{"id":1338,"date":"2023-04-13T10:47:22","date_gmt":"2023-04-13T08:47:22","guid":{"rendered":"https:\/\/zelenestrechyagrocs.sk\/?post_type=product&#038;p=1338"},"modified":"2023-06-09T12:32:46","modified_gmt":"2023-06-09T10:32:46","slug":"nd-dp-12-drenazny-panel","status":"publish","type":"product","link":"https:\/\/zelenestrechyagrocs.sk\/hu\/produkt\/nd-dp-12-drenazny-panel\/","title":{"rendered":"ND DP 12 Dren\u00e1\u017eny panel"},"content":{"rendered":"<p>Dren\u00e1\u017eny panel ND DP 12 pln\u00ed funkciu filtra\u010dn\u00fa, dren\u00e1\u017enu a ochrann\u00fa s hydroakumula\u010dn\u00fdmi schopnos\u0165ami. V\u00fdkonn\u00fd dren\u00e1\u017eny syst\u00e9m s inovat\u00edvnym tvarom nopov, z vysoko odoln\u00e9ho h\u00fa\u017eevnat\u00e9ho polystyr\u00e9nu (HIPS). Jadrom dren\u00e1\u017eneho syst\u00e9mu je perforovan\u00e1, dif\u00fazne otvoren\u00e1 nopov\u00e1 f\u00f3lia s vynikaj\u00facou pevnos\u0165ou v tlaku. Na hladkej perforovanej strane je lepen\u00e1 netkan\u00e1 geotext\u00edlia, sl\u00fa\u017eiaca ako filtra\u010dn\u00e1 vrstva. Na strane nopov je prilepen\u00e1 dif\u00fazne otvoren\u00e1 separa\u010dn\u00e1 a ochrann\u00e1 geotext\u00edlia. ND DP 12 chr\u00e1ni hydroizol\u00e1ciu, zabra\u0148uje hromadeniu vody vo vrstve substr\u00e1tu a zabezpe\u010duje efekt\u00edvnu dren\u00e1\u017enu funkciu.<\/p>\n<ul>\n<li>Stavebn\u00e1 v\u00fd\u0161ka : cca. 12 mm<\/li>\n<li>Pevnos\u0165 v tlaku: cca. 700 kPa<\/li>\n<li>Vodn\u00e1 kapacita: cca. 3,6 l\/m2<\/li>\n<li>Hmotnos\u0165: cca. 1324 g\/m2<\/li>\n<li>Mo\u017enos\u0165 pohybu po panely pri in\u0161tal\u00e1cii<\/li>\n<li>Balenie: 2 x 1,2 m<\/li>\n<li>Paletov\u00e9 mno\u017estvo: 48 ks = 115,2 m2<\/li>\n<\/ul>\n","protected":false},"excerpt":{"rendered":"<p>Dren\u00e1\u017eny panel ND DP 12 pln\u00ed funkciu filtra\u010dn\u00fa, dren\u00e1\u017enu a ochrann\u00fa s hydroakumula\u010dn\u00fdmi<br \/>\nschopnos\u0165ami.<\/p>\n<p>Balenie: 2 x 1,2m<\/p>\n","protected":false},"featured_media":1356,"comment_status":"closed","ping_status":"closed","template":"","meta":[],"product_brand":[],"product_cat":[22,21],"product_tag":[],"class_list":{"0":"post-1338","1":"product","2":"type-product","3":"status-publish","4":"has-post-thumbnail","6":"product_cat-drenazne-systemy-pre-ploche-strechy","7":"product_cat-vegetacne-strechy","9":"first","10":"instock","11":"shipping-taxable","12":"product-type-simple"},"featured_image_urls_v2":{"full":["https:\/\/zelenestrechyagrocs.sk\/wp-content\/uploads\/2023\/04\/Drenazny-panel-ND-DP12.webp",600,600,false],"thumbnail":["https:\/\/zelenestrechyagrocs.sk\/wp-content\/uploads\/2023\/04\/Drenazny-panel-ND-DP12-150x150.webp",150,150,true],"medium":["https:\/\/zelenestrechyagrocs.sk\/wp-content\/uploads\/2023\/04\/Drenazny-panel-ND-DP12-300x300.webp",300,300,true],"medium_large":["https:\/\/zelenestrechyagrocs.sk\/wp-content\/uploads\/2023\/04\/Drenazny-panel-ND-DP12.webp",600,600,false],"large":["https:\/\/zelenestrechyagrocs.sk\/wp-content\/uploads\/2023\/04\/Drenazny-panel-ND-DP12.webp",600,600,false],"1536x1536":["https:\/\/zelenestrechyagrocs.sk\/wp-content\/uploads\/2023\/04\/Drenazny-panel-ND-DP12.webp",600,600,false],"2048x2048":["https:\/\/zelenestrechyagrocs.sk\/wp-content\/uploads\/2023\/04\/Drenazny-panel-ND-DP12.webp",600,600,false],"woocommerce_archive_thumbnail":["https:\/\/zelenestrechyagrocs.sk\/wp-content\/uploads\/2023\/04\/Drenazny-panel-ND-DP12-300x300.webp",300,300,true],"woocommerce_thumbnail":["https:\/\/zelenestrechyagrocs.sk\/wp-content\/uploads\/2023\/04\/Drenazny-panel-ND-DP12-300x300.webp",300,300,true],"woocommerce_single":["https:\/\/zelenestrechyagrocs.sk\/wp-content\/uploads\/2023\/04\/Drenazny-panel-ND-DP12.webp",600,600,false],"woocommerce_gallery_thumbnail":["https:\/\/zelenestrechyagrocs.sk\/wp-content\/uploads\/2023\/04\/Drenazny-panel-ND-DP12-100x100.webp",100,100,true]},"post_excerpt_stackable_v2":"<p>Dren\u00e1\u017eny panel ND DP 12 pln\u00ed funkciu filtra\u010dn\u00fa, dren\u00e1\u017enu a ochrann\u00fa s hydroakumula\u010dn\u00fdmi<br \/>\nschopnos\u0165ami.<\/p>\n<p>Balenie: 2 x 1,2m<\/p>\n","category_list_v2":"","author_info_v2":{"name":"","url":""},"comments_num_v2":"0 comments","yoast_head":"<!-- This site is optimized with the Yoast SEO plugin v27.5 - https:\/\/yoast.com\/product\/yoast-seo-wordpress\/ -->\n<title>ND DP 12 Dren\u00e1\u017eny panel | Zelene strechy AgroCS<\/title>\n<meta name=\"robots\" content=\"index, follow, max-snippet:-1, max-image-preview:large, max-video-preview:-1\" \/>\n<link rel=\"canonical\" href=\"https:\/\/zelenestrechyagrocs.sk\/hu\/produkt\/nd-dp-12-drenazny-panel\/\" \/>\n<meta property=\"og:locale\" content=\"hu_HU\" \/>\n<meta property=\"og:type\" content=\"article\" \/>\n<meta property=\"og:title\" content=\"ND DP 12 Dren\u00e1\u017eny panel | Zelene strechy AgroCS\" \/>\n<meta property=\"og:description\" content=\"Dren\u00e1\u017eny panel ND DP 12 pln\u00ed funkciu filtra\u010dn\u00fa, dren\u00e1\u017enu a ochrann\u00fa s hydroakumula\u010dn\u00fdmi schopnos\u0165ami.  Balenie: 2 x 1,2m\" \/>\n<meta property=\"og:url\" content=\"https:\/\/zelenestrechyagrocs.sk\/hu\/produkt\/nd-dp-12-drenazny-panel\/\" \/>\n<meta property=\"og:site_name\" content=\"Zelene strechy AgroCS\" \/>\n<meta property=\"article:publisher\" content=\"https:\/\/www.facebook.com\/agrocsslovakiaas\/\" \/>\n<meta property=\"article:modified_time\" content=\"2023-06-09T10:32:46+00:00\" \/>\n<meta property=\"og:image\" content=\"https:\/\/zelenestrechyagrocs.sk\/wp-content\/uploads\/2023\/04\/Drenazny-panel-ND-DP12.webp\" \/>\n\t<meta property=\"og:image:width\" content=\"600\" \/>\n\t<meta property=\"og:image:height\" content=\"600\" \/>\n\t<meta property=\"og:image:type\" content=\"image\/webp\" \/>\n<meta name=\"twitter:card\" content=\"summary_large_image\" \/>\n<meta name=\"twitter:label1\" content=\"Becs\u00fclt olvas\u00e1si id\u0151\" \/>\n\t<meta name=\"twitter:data1\" content=\"1 perc\" \/>\n<script type=\"application\/ld+json\" class=\"yoast-schema-graph\">{\"@context\":\"https:\\\/\\\/schema.org\",\"@graph\":[{\"@type\":\"WebPage\",\"@id\":\"https:\\\/\\\/zelenestrechyagrocs.sk\\\/hu\\\/produkt\\\/nd-dp-12-drenazny-panel\\\/\",\"url\":\"https:\\\/\\\/zelenestrechyagrocs.sk\\\/hu\\\/produkt\\\/nd-dp-12-drenazny-panel\\\/\",\"name\":\"ND DP 12 Dren\u00e1\u017eny panel | Zelene strechy AgroCS\",\"isPartOf\":{\"@id\":\"https:\\\/\\\/zelenestrechyagrocs.sk\\\/hu\\\/#website\"},\"primaryImageOfPage\":{\"@id\":\"https:\\\/\\\/zelenestrechyagrocs.sk\\\/hu\\\/produkt\\\/nd-dp-12-drenazny-panel\\\/#primaryimage\"},\"image\":{\"@id\":\"https:\\\/\\\/zelenestrechyagrocs.sk\\\/hu\\\/produkt\\\/nd-dp-12-drenazny-panel\\\/#primaryimage\"},\"thumbnailUrl\":\"https:\\\/\\\/zelenestrechyagrocs.sk\\\/wp-content\\\/uploads\\\/2023\\\/04\\\/Drenazny-panel-ND-DP12.webp\",\"datePublished\":\"2023-04-13T08:47:22+00:00\",\"dateModified\":\"2023-06-09T10:32:46+00:00\",\"breadcrumb\":{\"@id\":\"https:\\\/\\\/zelenestrechyagrocs.sk\\\/hu\\\/produkt\\\/nd-dp-12-drenazny-panel\\\/#breadcrumb\"},\"inLanguage\":\"hu\",\"potentialAction\":[{\"@type\":\"ReadAction\",\"target\":[\"https:\\\/\\\/zelenestrechyagrocs.sk\\\/hu\\\/produkt\\\/nd-dp-12-drenazny-panel\\\/\"]}]},{\"@type\":\"ImageObject\",\"inLanguage\":\"hu\",\"@id\":\"https:\\\/\\\/zelenestrechyagrocs.sk\\\/hu\\\/produkt\\\/nd-dp-12-drenazny-panel\\\/#primaryimage\",\"url\":\"https:\\\/\\\/zelenestrechyagrocs.sk\\\/wp-content\\\/uploads\\\/2023\\\/04\\\/Drenazny-panel-ND-DP12.webp\",\"contentUrl\":\"https:\\\/\\\/zelenestrechyagrocs.sk\\\/wp-content\\\/uploads\\\/2023\\\/04\\\/Drenazny-panel-ND-DP12.webp\",\"width\":600,\"height\":600},{\"@type\":\"BreadcrumbList\",\"@id\":\"https:\\\/\\\/zelenestrechyagrocs.sk\\\/hu\\\/produkt\\\/nd-dp-12-drenazny-panel\\\/#breadcrumb\",\"itemListElement\":[{\"@type\":\"ListItem\",\"position\":1,\"name\":\"Domovsk\u00e1 str\u00e1nka\",\"item\":\"https:\\\/\\\/zelenestrechyagrocs.sk\\\/hu\\\/\"},{\"@type\":\"ListItem\",\"position\":2,\"name\":\"Produkty\",\"item\":\"https:\\\/\\\/zelenestrechyagrocs.sk\\\/produkty\\\/\"},{\"@type\":\"ListItem\",\"position\":3,\"name\":\"ND DP 12 Dren\u00e1\u017eny panel\"}]},{\"@type\":\"WebSite\",\"@id\":\"https:\\\/\\\/zelenestrechyagrocs.sk\\\/hu\\\/#website\",\"url\":\"https:\\\/\\\/zelenestrechyagrocs.sk\\\/hu\\\/\",\"name\":\"Zelene strechy AgroCS\",\"description\":\"produkty pre tvorbu vegeta\u010dn\u00fdch striech\",\"publisher\":{\"@id\":\"https:\\\/\\\/zelenestrechyagrocs.sk\\\/hu\\\/#organization\"},\"potentialAction\":[{\"@type\":\"SearchAction\",\"target\":{\"@type\":\"EntryPoint\",\"urlTemplate\":\"https:\\\/\\\/zelenestrechyagrocs.sk\\\/hu\\\/?s={search_term_string}\"},\"query-input\":{\"@type\":\"PropertyValueSpecification\",\"valueRequired\":true,\"valueName\":\"search_term_string\"}}],\"inLanguage\":\"hu\"},{\"@type\":\"Organization\",\"@id\":\"https:\\\/\\\/zelenestrechyagrocs.sk\\\/hu\\\/#organization\",\"name\":\"AGRO CS Slovakia, a.s.\u200b\",\"url\":\"https:\\\/\\\/zelenestrechyagrocs.sk\\\/hu\\\/\",\"logo\":{\"@type\":\"ImageObject\",\"inLanguage\":\"hu\",\"@id\":\"https:\\\/\\\/zelenestrechyagrocs.sk\\\/hu\\\/#\\\/schema\\\/logo\\\/image\\\/\",\"url\":\"https:\\\/\\\/zelenestrechyagrocs.sk\\\/wp-content\\\/uploads\\\/2022\\\/03\\\/logo-zelene-strechy-50.png\",\"contentUrl\":\"https:\\\/\\\/zelenestrechyagrocs.sk\\\/wp-content\\\/uploads\\\/2022\\\/03\\\/logo-zelene-strechy-50.png\",\"width\":159,\"height\":50,\"caption\":\"AGRO CS Slovakia, a.s.\u200b\"},\"image\":{\"@id\":\"https:\\\/\\\/zelenestrechyagrocs.sk\\\/hu\\\/#\\\/schema\\\/logo\\\/image\\\/\"},\"sameAs\":[\"https:\\\/\\\/www.facebook.com\\\/agrocsslovakiaas\\\/\",\"https:\\\/\\\/www.instagram.com\\\/agrocs\\\/\",\"https:\\\/\\\/www.youtube.com\\\/channel\\\/UCeNR8AizJL8Po-NFulKO-mg\"]}]}<\/script>\n<!-- \/ Yoast SEO plugin. -->","yoast_head_json":{"title":"ND DP 12 Dren\u00e1\u017eny panel | Zelene strechy AgroCS","robots":{"index":"index","follow":"follow","max-snippet":"max-snippet:-1","max-image-preview":"max-image-preview:large","max-video-preview":"max-video-preview:-1"},"canonical":"https:\/\/zelenestrechyagrocs.sk\/hu\/produkt\/nd-dp-12-drenazny-panel\/","og_locale":"hu_HU","og_type":"article","og_title":"ND DP 12 Dren\u00e1\u017eny panel | Zelene strechy AgroCS","og_description":"Dren\u00e1\u017eny panel ND DP 12 pln\u00ed funkciu filtra\u010dn\u00fa, dren\u00e1\u017enu a ochrann\u00fa s hydroakumula\u010dn\u00fdmi schopnos\u0165ami.  Balenie: 2 x 1,2m","og_url":"https:\/\/zelenestrechyagrocs.sk\/hu\/produkt\/nd-dp-12-drenazny-panel\/","og_site_name":"Zelene strechy AgroCS","article_publisher":"https:\/\/www.facebook.com\/agrocsslovakiaas\/","article_modified_time":"2023-06-09T10:32:46+00:00","og_image":[{"width":600,"height":600,"url":"https:\/\/zelenestrechyagrocs.sk\/wp-content\/uploads\/2023\/04\/Drenazny-panel-ND-DP12.webp","type":"image\/webp"}],"twitter_card":"summary_large_image","twitter_misc":{"Becs\u00fclt olvas\u00e1si id\u0151":"1 perc"},"schema":{"@context":"https:\/\/schema.org","@graph":[{"@type":"WebPage","@id":"https:\/\/zelenestrechyagrocs.sk\/hu\/produkt\/nd-dp-12-drenazny-panel\/","url":"https:\/\/zelenestrechyagrocs.sk\/hu\/produkt\/nd-dp-12-drenazny-panel\/","name":"ND DP 12 Dren\u00e1\u017eny panel | Zelene strechy AgroCS","isPartOf":{"@id":"https:\/\/zelenestrechyagrocs.sk\/hu\/#website"},"primaryImageOfPage":{"@id":"https:\/\/zelenestrechyagrocs.sk\/hu\/produkt\/nd-dp-12-drenazny-panel\/#primaryimage"},"image":{"@id":"https:\/\/zelenestrechyagrocs.sk\/hu\/produkt\/nd-dp-12-drenazny-panel\/#primaryimage"},"thumbnailUrl":"https:\/\/zelenestrechyagrocs.sk\/wp-content\/uploads\/2023\/04\/Drenazny-panel-ND-DP12.webp","datePublished":"2023-04-13T08:47:22+00:00","dateModified":"2023-06-09T10:32:46+00:00","breadcrumb":{"@id":"https:\/\/zelenestrechyagrocs.sk\/hu\/produkt\/nd-dp-12-drenazny-panel\/#breadcrumb"},"inLanguage":"hu","potentialAction":[{"@type":"ReadAction","target":["https:\/\/zelenestrechyagrocs.sk\/hu\/produkt\/nd-dp-12-drenazny-panel\/"]}]},{"@type":"ImageObject","inLanguage":"hu","@id":"https:\/\/zelenestrechyagrocs.sk\/hu\/produkt\/nd-dp-12-drenazny-panel\/#primaryimage","url":"https:\/\/zelenestrechyagrocs.sk\/wp-content\/uploads\/2023\/04\/Drenazny-panel-ND-DP12.webp","contentUrl":"https:\/\/zelenestrechyagrocs.sk\/wp-content\/uploads\/2023\/04\/Drenazny-panel-ND-DP12.webp","width":600,"height":600},{"@type":"BreadcrumbList","@id":"https:\/\/zelenestrechyagrocs.sk\/hu\/produkt\/nd-dp-12-drenazny-panel\/#breadcrumb","itemListElement":[{"@type":"ListItem","position":1,"name":"Domovsk\u00e1 str\u00e1nka","item":"https:\/\/zelenestrechyagrocs.sk\/hu\/"},{"@type":"ListItem","position":2,"name":"Produkty","item":"https:\/\/zelenestrechyagrocs.sk\/produkty\/"},{"@type":"ListItem","position":3,"name":"ND DP 12 Dren\u00e1\u017eny panel"}]},{"@type":"WebSite","@id":"https:\/\/zelenestrechyagrocs.sk\/hu\/#website","url":"https:\/\/zelenestrechyagrocs.sk\/hu\/","name":"Zelene strechy AgroCS","description":"produkty pre tvorbu vegeta\u010dn\u00fdch striech","publisher":{"@id":"https:\/\/zelenestrechyagrocs.sk\/hu\/#organization"},"potentialAction":[{"@type":"SearchAction","target":{"@type":"EntryPoint","urlTemplate":"https:\/\/zelenestrechyagrocs.sk\/hu\/?s={search_term_string}"},"query-input":{"@type":"PropertyValueSpecification","valueRequired":true,"valueName":"search_term_string"}}],"inLanguage":"hu"},{"@type":"Organization","@id":"https:\/\/zelenestrechyagrocs.sk\/hu\/#organization","name":"AGRO CS Slovakia, a.s.\u200b","url":"https:\/\/zelenestrechyagrocs.sk\/hu\/","logo":{"@type":"ImageObject","inLanguage":"hu","@id":"https:\/\/zelenestrechyagrocs.sk\/hu\/#\/schema\/logo\/image\/","url":"https:\/\/zelenestrechyagrocs.sk\/wp-content\/uploads\/2022\/03\/logo-zelene-strechy-50.png","contentUrl":"https:\/\/zelenestrechyagrocs.sk\/wp-content\/uploads\/2022\/03\/logo-zelene-strechy-50.png","width":159,"height":50,"caption":"AGRO CS Slovakia, a.s.\u200b"},"image":{"@id":"https:\/\/zelenestrechyagrocs.sk\/hu\/#\/schema\/logo\/image\/"},"sameAs":["https:\/\/www.facebook.com\/agrocsslovakiaas\/","https:\/\/www.instagram.com\/agrocs\/","https:\/\/www.youtube.com\/channel\/UCeNR8AizJL8Po-NFulKO-mg"]}]}},"_links":{"self":[{"href":"https:\/\/zelenestrechyagrocs.sk\/hu\/wp-json\/wp\/v2\/product\/1338","targetHints":{"allow":["GET"]}}],"collection":[{"href":"https:\/\/zelenestrechyagrocs.sk\/hu\/wp-json\/wp\/v2\/product"}],"about":[{"href":"https:\/\/zelenestrechyagrocs.sk\/hu\/wp-json\/wp\/v2\/types\/product"}],"replies":[{"embeddable":true,"href":"https:\/\/zelenestrechyagrocs.sk\/hu\/wp-json\/wp\/v2\/comments?post=1338"}],"wp:featuredmedia":[{"embeddable":true,"href":"https:\/\/zelenestrechyagrocs.sk\/hu\/wp-json\/wp\/v2\/media\/1356"}],"wp:attachment":[{"href":"https:\/\/zelenestrechyagrocs.sk\/hu\/wp-json\/wp\/v2\/media?parent=1338"}],"wp:term":[{"taxonomy":"product_brand","embeddable":true,"href":"https:\/\/zelenestrechyagrocs.sk\/hu\/wp-json\/wp\/v2\/product_brand?post=1338"},{"taxonomy":"product_cat","embeddable":true,"href":"https:\/\/zelenestrechyagrocs.sk\/hu\/wp-json\/wp\/v2\/product_cat?post=1338"},{"taxonomy":"product_tag","embeddable":true,"href":"https:\/\/zelenestrechyagrocs.sk\/hu\/wp-json\/wp\/v2\/product_tag?post=1338"}],"curies":[{"name":"wp","href":"https:\/\/api.w.org\/{rel}","templated":true}]}}