{"id":833,"date":"2022-03-24T21:15:18","date_gmt":"2022-03-24T20:15:18","guid":{"rendered":"https:\/\/zelenestrechyagrocs.sk\/?post_type=product&#038;p=833"},"modified":"2022-03-24T21:15:19","modified_gmt":"2022-03-24T20:15:19","slug":"separacna-vrstva-a-klzna-folia-nd-tgf-20","status":"publish","type":"product","link":"https:\/\/zelenestrechyagrocs.sk\/hu\/produkt\/separacna-vrstva-a-klzna-folia-nd-tgf-20\/","title":{"rendered":"Separa\u010dn\u00e1 vrstva a klzn\u00e1 f\u00f3lia ND TGF &#8211; 20"},"content":{"rendered":"<p>Vysoko kvalitn\u00e1 umelohmotn\u00e1 f\u00f3lia, ktor\u00e1 sl\u00fa\u017ei ako separa\u010dn\u00e1 vrstva a klzn\u00e1 f\u00f3lia klznej vrstvy. Klzn\u00e1 vrstva chr\u00e1ni hydroizol\u00e1ciu pred p\u00f4soben\u00edm s\u00edl, resp. pohybov, pren\u00e1\u0161an\u00fdch z horn\u00fdch vrstiev. F\u00f3lia je s\u00fa\u010das\u0165 Nophadrain Syst\u00e9mu pre Poch\u00f4dzne strechy -terasy a Nophadrain Syst\u00e9mu pre Pojazdn\u00e9 strechy \u2013 parkovisk\u00e1 s inverznou skladbou stre\u0161n\u00e9ho pl\u00e1\u0161\u0165a<\/p>\n<p><strong>Vlastnosti produktu:<\/strong><br \/>\n\u2022 Materi\u00e1l: recyklovan\u00fd n\u00edzkohustotn\u00fd polyethylen (LDPE)<br \/>\n\u2022 Hr\u00fabka: cca 0,2 mm<br \/>\n\u2022 Hmotnos\u0165: cca 175 g\/m2<\/p>\n","protected":false},"excerpt":{"rendered":"<p><strong>Produkt:\u00a0<\/strong>ND TGF separa\u010dn\u00e1 a klzn\u00e1 f\u00f3lia<br \/>\n<strong>Rozmery:\u00a0<\/strong>cca 50 m x 2 m<br \/>\n<strong>Balenie:\u00a0<\/strong>cca 100m2, rolka<\/p>\n","protected":false},"featured_media":834,"comment_status":"closed","ping_status":"closed","template":"","meta":[],"product_brand":[],"product_cat":[22,21],"product_tag":[],"class_list":{"0":"post-833","1":"product","2":"type-product","3":"status-publish","4":"has-post-thumbnail","6":"product_cat-drenazne-systemy-pre-ploche-strechy","7":"product_cat-vegetacne-strechy","9":"first","10":"instock","11":"shipping-taxable","12":"product-type-simple"},"featured_image_urls_v2":{"full":["https:\/\/zelenestrechyagrocs.sk\/wp-content\/uploads\/2022\/03\/ND-TGF-20-Separacna-vrstva-a-klzna-folia.webp",600,600,false],"thumbnail":["https:\/\/zelenestrechyagrocs.sk\/wp-content\/uploads\/2022\/03\/ND-TGF-20-Separacna-vrstva-a-klzna-folia-150x150.webp",150,150,true],"medium":["https:\/\/zelenestrechyagrocs.sk\/wp-content\/uploads\/2022\/03\/ND-TGF-20-Separacna-vrstva-a-klzna-folia-300x300.webp",300,300,true],"medium_large":["https:\/\/zelenestrechyagrocs.sk\/wp-content\/uploads\/2022\/03\/ND-TGF-20-Separacna-vrstva-a-klzna-folia.webp",600,600,false],"large":["https:\/\/zelenestrechyagrocs.sk\/wp-content\/uploads\/2022\/03\/ND-TGF-20-Separacna-vrstva-a-klzna-folia.webp",600,600,false],"1536x1536":["https:\/\/zelenestrechyagrocs.sk\/wp-content\/uploads\/2022\/03\/ND-TGF-20-Separacna-vrstva-a-klzna-folia.webp",600,600,false],"2048x2048":["https:\/\/zelenestrechyagrocs.sk\/wp-content\/uploads\/2022\/03\/ND-TGF-20-Separacna-vrstva-a-klzna-folia.webp",600,600,false],"woocommerce_archive_thumbnail":["https:\/\/zelenestrechyagrocs.sk\/wp-content\/uploads\/2022\/03\/ND-TGF-20-Separacna-vrstva-a-klzna-folia-300x300.webp",300,300,true],"woocommerce_thumbnail":["https:\/\/zelenestrechyagrocs.sk\/wp-content\/uploads\/2022\/03\/ND-TGF-20-Separacna-vrstva-a-klzna-folia-300x300.webp",300,300,true],"woocommerce_single":["https:\/\/zelenestrechyagrocs.sk\/wp-content\/uploads\/2022\/03\/ND-TGF-20-Separacna-vrstva-a-klzna-folia.webp",600,600,false],"woocommerce_gallery_thumbnail":["https:\/\/zelenestrechyagrocs.sk\/wp-content\/uploads\/2022\/03\/ND-TGF-20-Separacna-vrstva-a-klzna-folia-100x100.webp",100,100,true]},"post_excerpt_stackable_v2":"<p><strong>Produkt:\u00a0<\/strong>ND TGF separa\u010dn\u00e1 a klzn\u00e1 f\u00f3lia<br \/>\n<strong>Rozmery:\u00a0<\/strong>cca 50 m x 2 m<br \/>\n<strong>Balenie:\u00a0<\/strong>cca 100m2, rolka<\/p>\n","category_list_v2":"","author_info_v2":{"name":"","url":""},"comments_num_v2":"0 comments","yoast_head":"<!-- This site is optimized with the Yoast SEO plugin v27.5 - https:\/\/yoast.com\/product\/yoast-seo-wordpress\/ -->\n<title>Separa\u010dn\u00e1 vrstva a klzn\u00e1 f\u00f3lia ND TGF - 20 | Zelene strechy AgroCS<\/title>\n<meta name=\"robots\" content=\"index, follow, max-snippet:-1, max-image-preview:large, max-video-preview:-1\" \/>\n<link rel=\"canonical\" href=\"https:\/\/zelenestrechyagrocs.sk\/hu\/produkt\/separacna-vrstva-a-klzna-folia-nd-tgf-20\/\" \/>\n<meta property=\"og:locale\" content=\"hu_HU\" \/>\n<meta property=\"og:type\" content=\"article\" \/>\n<meta property=\"og:title\" content=\"Separa\u010dn\u00e1 vrstva a klzn\u00e1 f\u00f3lia ND TGF - 20 | Zelene strechy AgroCS\" \/>\n<meta property=\"og:description\" content=\"Produkt:\u00a0ND TGF separa\u010dn\u00e1 a klzn\u00e1 f\u00f3lia Rozmery:\u00a0cca 50 m x 2 m Balenie:\u00a0cca 100m2, rolka\" \/>\n<meta property=\"og:url\" content=\"https:\/\/zelenestrechyagrocs.sk\/hu\/produkt\/separacna-vrstva-a-klzna-folia-nd-tgf-20\/\" \/>\n<meta property=\"og:site_name\" content=\"Zelene strechy AgroCS\" \/>\n<meta property=\"article:publisher\" content=\"https:\/\/www.facebook.com\/agrocsslovakiaas\/\" \/>\n<meta property=\"article:modified_time\" content=\"2022-03-24T20:15:19+00:00\" \/>\n<meta property=\"og:image\" content=\"https:\/\/zelenestrechyagrocs.sk\/wp-content\/uploads\/2022\/03\/ND-TGF-20-Separacna-vrstva-a-klzna-folia.webp\" \/>\n\t<meta property=\"og:image:width\" content=\"600\" \/>\n\t<meta property=\"og:image:height\" content=\"600\" \/>\n\t<meta property=\"og:image:type\" content=\"image\/webp\" \/>\n<meta name=\"twitter:card\" content=\"summary_large_image\" \/>\n<script type=\"application\/ld+json\" class=\"yoast-schema-graph\">{\"@context\":\"https:\\\/\\\/schema.org\",\"@graph\":[{\"@type\":\"WebPage\",\"@id\":\"https:\\\/\\\/zelenestrechyagrocs.sk\\\/hu\\\/produkt\\\/separacna-vrstva-a-klzna-folia-nd-tgf-20\\\/\",\"url\":\"https:\\\/\\\/zelenestrechyagrocs.sk\\\/hu\\\/produkt\\\/separacna-vrstva-a-klzna-folia-nd-tgf-20\\\/\",\"name\":\"Separa\u010dn\u00e1 vrstva a klzn\u00e1 f\u00f3lia ND TGF - 20 | Zelene strechy AgroCS\",\"isPartOf\":{\"@id\":\"https:\\\/\\\/zelenestrechyagrocs.sk\\\/hu\\\/#website\"},\"primaryImageOfPage\":{\"@id\":\"https:\\\/\\\/zelenestrechyagrocs.sk\\\/hu\\\/produkt\\\/separacna-vrstva-a-klzna-folia-nd-tgf-20\\\/#primaryimage\"},\"image\":{\"@id\":\"https:\\\/\\\/zelenestrechyagrocs.sk\\\/hu\\\/produkt\\\/separacna-vrstva-a-klzna-folia-nd-tgf-20\\\/#primaryimage\"},\"thumbnailUrl\":\"https:\\\/\\\/zelenestrechyagrocs.sk\\\/wp-content\\\/uploads\\\/2022\\\/03\\\/ND-TGF-20-Separacna-vrstva-a-klzna-folia.webp\",\"datePublished\":\"2022-03-24T20:15:18+00:00\",\"dateModified\":\"2022-03-24T20:15:19+00:00\",\"breadcrumb\":{\"@id\":\"https:\\\/\\\/zelenestrechyagrocs.sk\\\/hu\\\/produkt\\\/separacna-vrstva-a-klzna-folia-nd-tgf-20\\\/#breadcrumb\"},\"inLanguage\":\"hu\",\"potentialAction\":[{\"@type\":\"ReadAction\",\"target\":[\"https:\\\/\\\/zelenestrechyagrocs.sk\\\/hu\\\/produkt\\\/separacna-vrstva-a-klzna-folia-nd-tgf-20\\\/\"]}]},{\"@type\":\"ImageObject\",\"inLanguage\":\"hu\",\"@id\":\"https:\\\/\\\/zelenestrechyagrocs.sk\\\/hu\\\/produkt\\\/separacna-vrstva-a-klzna-folia-nd-tgf-20\\\/#primaryimage\",\"url\":\"https:\\\/\\\/zelenestrechyagrocs.sk\\\/wp-content\\\/uploads\\\/2022\\\/03\\\/ND-TGF-20-Separacna-vrstva-a-klzna-folia.webp\",\"contentUrl\":\"https:\\\/\\\/zelenestrechyagrocs.sk\\\/wp-content\\\/uploads\\\/2022\\\/03\\\/ND-TGF-20-Separacna-vrstva-a-klzna-folia.webp\",\"width\":600,\"height\":600},{\"@type\":\"BreadcrumbList\",\"@id\":\"https:\\\/\\\/zelenestrechyagrocs.sk\\\/hu\\\/produkt\\\/separacna-vrstva-a-klzna-folia-nd-tgf-20\\\/#breadcrumb\",\"itemListElement\":[{\"@type\":\"ListItem\",\"position\":1,\"name\":\"Domovsk\u00e1 str\u00e1nka\",\"item\":\"https:\\\/\\\/zelenestrechyagrocs.sk\\\/hu\\\/\"},{\"@type\":\"ListItem\",\"position\":2,\"name\":\"Produkty\",\"item\":\"https:\\\/\\\/zelenestrechyagrocs.sk\\\/produkty\\\/\"},{\"@type\":\"ListItem\",\"position\":3,\"name\":\"Separa\u010dn\u00e1 vrstva a klzn\u00e1 f\u00f3lia ND TGF &#8211; 20\"}]},{\"@type\":\"WebSite\",\"@id\":\"https:\\\/\\\/zelenestrechyagrocs.sk\\\/hu\\\/#website\",\"url\":\"https:\\\/\\\/zelenestrechyagrocs.sk\\\/hu\\\/\",\"name\":\"Zelene strechy AgroCS\",\"description\":\"produkty pre tvorbu vegeta\u010dn\u00fdch striech\",\"publisher\":{\"@id\":\"https:\\\/\\\/zelenestrechyagrocs.sk\\\/hu\\\/#organization\"},\"potentialAction\":[{\"@type\":\"SearchAction\",\"target\":{\"@type\":\"EntryPoint\",\"urlTemplate\":\"https:\\\/\\\/zelenestrechyagrocs.sk\\\/hu\\\/?s={search_term_string}\"},\"query-input\":{\"@type\":\"PropertyValueSpecification\",\"valueRequired\":true,\"valueName\":\"search_term_string\"}}],\"inLanguage\":\"hu\"},{\"@type\":\"Organization\",\"@id\":\"https:\\\/\\\/zelenestrechyagrocs.sk\\\/hu\\\/#organization\",\"name\":\"AGRO CS Slovakia, a.s.\u200b\",\"url\":\"https:\\\/\\\/zelenestrechyagrocs.sk\\\/hu\\\/\",\"logo\":{\"@type\":\"ImageObject\",\"inLanguage\":\"hu\",\"@id\":\"https:\\\/\\\/zelenestrechyagrocs.sk\\\/hu\\\/#\\\/schema\\\/logo\\\/image\\\/\",\"url\":\"https:\\\/\\\/zelenestrechyagrocs.sk\\\/wp-content\\\/uploads\\\/2022\\\/03\\\/logo-zelene-strechy-50.png\",\"contentUrl\":\"https:\\\/\\\/zelenestrechyagrocs.sk\\\/wp-content\\\/uploads\\\/2022\\\/03\\\/logo-zelene-strechy-50.png\",\"width\":159,\"height\":50,\"caption\":\"AGRO CS Slovakia, a.s.\u200b\"},\"image\":{\"@id\":\"https:\\\/\\\/zelenestrechyagrocs.sk\\\/hu\\\/#\\\/schema\\\/logo\\\/image\\\/\"},\"sameAs\":[\"https:\\\/\\\/www.facebook.com\\\/agrocsslovakiaas\\\/\",\"https:\\\/\\\/www.instagram.com\\\/agrocs\\\/\",\"https:\\\/\\\/www.youtube.com\\\/channel\\\/UCeNR8AizJL8Po-NFulKO-mg\"]}]}<\/script>\n<!-- \/ Yoast SEO plugin. -->","yoast_head_json":{"title":"Separa\u010dn\u00e1 vrstva a klzn\u00e1 f\u00f3lia ND TGF - 20 | Zelene strechy AgroCS","robots":{"index":"index","follow":"follow","max-snippet":"max-snippet:-1","max-image-preview":"max-image-preview:large","max-video-preview":"max-video-preview:-1"},"canonical":"https:\/\/zelenestrechyagrocs.sk\/hu\/produkt\/separacna-vrstva-a-klzna-folia-nd-tgf-20\/","og_locale":"hu_HU","og_type":"article","og_title":"Separa\u010dn\u00e1 vrstva a klzn\u00e1 f\u00f3lia ND TGF - 20 | Zelene strechy AgroCS","og_description":"Produkt:\u00a0ND TGF separa\u010dn\u00e1 a klzn\u00e1 f\u00f3lia Rozmery:\u00a0cca 50 m x 2 m Balenie:\u00a0cca 100m2, rolka","og_url":"https:\/\/zelenestrechyagrocs.sk\/hu\/produkt\/separacna-vrstva-a-klzna-folia-nd-tgf-20\/","og_site_name":"Zelene strechy AgroCS","article_publisher":"https:\/\/www.facebook.com\/agrocsslovakiaas\/","article_modified_time":"2022-03-24T20:15:19+00:00","og_image":[{"width":600,"height":600,"url":"https:\/\/zelenestrechyagrocs.sk\/wp-content\/uploads\/2022\/03\/ND-TGF-20-Separacna-vrstva-a-klzna-folia.webp","type":"image\/webp"}],"twitter_card":"summary_large_image","schema":{"@context":"https:\/\/schema.org","@graph":[{"@type":"WebPage","@id":"https:\/\/zelenestrechyagrocs.sk\/hu\/produkt\/separacna-vrstva-a-klzna-folia-nd-tgf-20\/","url":"https:\/\/zelenestrechyagrocs.sk\/hu\/produkt\/separacna-vrstva-a-klzna-folia-nd-tgf-20\/","name":"Separa\u010dn\u00e1 vrstva a klzn\u00e1 f\u00f3lia ND TGF - 20 | Zelene strechy AgroCS","isPartOf":{"@id":"https:\/\/zelenestrechyagrocs.sk\/hu\/#website"},"primaryImageOfPage":{"@id":"https:\/\/zelenestrechyagrocs.sk\/hu\/produkt\/separacna-vrstva-a-klzna-folia-nd-tgf-20\/#primaryimage"},"image":{"@id":"https:\/\/zelenestrechyagrocs.sk\/hu\/produkt\/separacna-vrstva-a-klzna-folia-nd-tgf-20\/#primaryimage"},"thumbnailUrl":"https:\/\/zelenestrechyagrocs.sk\/wp-content\/uploads\/2022\/03\/ND-TGF-20-Separacna-vrstva-a-klzna-folia.webp","datePublished":"2022-03-24T20:15:18+00:00","dateModified":"2022-03-24T20:15:19+00:00","breadcrumb":{"@id":"https:\/\/zelenestrechyagrocs.sk\/hu\/produkt\/separacna-vrstva-a-klzna-folia-nd-tgf-20\/#breadcrumb"},"inLanguage":"hu","potentialAction":[{"@type":"ReadAction","target":["https:\/\/zelenestrechyagrocs.sk\/hu\/produkt\/separacna-vrstva-a-klzna-folia-nd-tgf-20\/"]}]},{"@type":"ImageObject","inLanguage":"hu","@id":"https:\/\/zelenestrechyagrocs.sk\/hu\/produkt\/separacna-vrstva-a-klzna-folia-nd-tgf-20\/#primaryimage","url":"https:\/\/zelenestrechyagrocs.sk\/wp-content\/uploads\/2022\/03\/ND-TGF-20-Separacna-vrstva-a-klzna-folia.webp","contentUrl":"https:\/\/zelenestrechyagrocs.sk\/wp-content\/uploads\/2022\/03\/ND-TGF-20-Separacna-vrstva-a-klzna-folia.webp","width":600,"height":600},{"@type":"BreadcrumbList","@id":"https:\/\/zelenestrechyagrocs.sk\/hu\/produkt\/separacna-vrstva-a-klzna-folia-nd-tgf-20\/#breadcrumb","itemListElement":[{"@type":"ListItem","position":1,"name":"Domovsk\u00e1 str\u00e1nka","item":"https:\/\/zelenestrechyagrocs.sk\/hu\/"},{"@type":"ListItem","position":2,"name":"Produkty","item":"https:\/\/zelenestrechyagrocs.sk\/produkty\/"},{"@type":"ListItem","position":3,"name":"Separa\u010dn\u00e1 vrstva a klzn\u00e1 f\u00f3lia ND TGF &#8211; 20"}]},{"@type":"WebSite","@id":"https:\/\/zelenestrechyagrocs.sk\/hu\/#website","url":"https:\/\/zelenestrechyagrocs.sk\/hu\/","name":"Zelene strechy AgroCS","description":"produkty pre tvorbu vegeta\u010dn\u00fdch striech","publisher":{"@id":"https:\/\/zelenestrechyagrocs.sk\/hu\/#organization"},"potentialAction":[{"@type":"SearchAction","target":{"@type":"EntryPoint","urlTemplate":"https:\/\/zelenestrechyagrocs.sk\/hu\/?s={search_term_string}"},"query-input":{"@type":"PropertyValueSpecification","valueRequired":true,"valueName":"search_term_string"}}],"inLanguage":"hu"},{"@type":"Organization","@id":"https:\/\/zelenestrechyagrocs.sk\/hu\/#organization","name":"AGRO CS Slovakia, a.s.\u200b","url":"https:\/\/zelenestrechyagrocs.sk\/hu\/","logo":{"@type":"ImageObject","inLanguage":"hu","@id":"https:\/\/zelenestrechyagrocs.sk\/hu\/#\/schema\/logo\/image\/","url":"https:\/\/zelenestrechyagrocs.sk\/wp-content\/uploads\/2022\/03\/logo-zelene-strechy-50.png","contentUrl":"https:\/\/zelenestrechyagrocs.sk\/wp-content\/uploads\/2022\/03\/logo-zelene-strechy-50.png","width":159,"height":50,"caption":"AGRO CS Slovakia, a.s.\u200b"},"image":{"@id":"https:\/\/zelenestrechyagrocs.sk\/hu\/#\/schema\/logo\/image\/"},"sameAs":["https:\/\/www.facebook.com\/agrocsslovakiaas\/","https:\/\/www.instagram.com\/agrocs\/","https:\/\/www.youtube.com\/channel\/UCeNR8AizJL8Po-NFulKO-mg"]}]}},"_links":{"self":[{"href":"https:\/\/zelenestrechyagrocs.sk\/hu\/wp-json\/wp\/v2\/product\/833","targetHints":{"allow":["GET"]}}],"collection":[{"href":"https:\/\/zelenestrechyagrocs.sk\/hu\/wp-json\/wp\/v2\/product"}],"about":[{"href":"https:\/\/zelenestrechyagrocs.sk\/hu\/wp-json\/wp\/v2\/types\/product"}],"replies":[{"embeddable":true,"href":"https:\/\/zelenestrechyagrocs.sk\/hu\/wp-json\/wp\/v2\/comments?post=833"}],"wp:featuredmedia":[{"embeddable":true,"href":"https:\/\/zelenestrechyagrocs.sk\/hu\/wp-json\/wp\/v2\/media\/834"}],"wp:attachment":[{"href":"https:\/\/zelenestrechyagrocs.sk\/hu\/wp-json\/wp\/v2\/media?parent=833"}],"wp:term":[{"taxonomy":"product_brand","embeddable":true,"href":"https:\/\/zelenestrechyagrocs.sk\/hu\/wp-json\/wp\/v2\/product_brand?post=833"},{"taxonomy":"product_cat","embeddable":true,"href":"https:\/\/zelenestrechyagrocs.sk\/hu\/wp-json\/wp\/v2\/product_cat?post=833"},{"taxonomy":"product_tag","embeddable":true,"href":"https:\/\/zelenestrechyagrocs.sk\/hu\/wp-json\/wp\/v2\/product_tag?post=833"}],"curies":[{"name":"wp","href":"https:\/\/api.w.org\/{rel}","templated":true}]}}