{"id":849,"date":"2022-03-24T21:33:45","date_gmt":"2022-03-24T20:33:45","guid":{"rendered":"https:\/\/zelenestrechyagrocs.sk\/?post_type=product&#038;p=849"},"modified":"2022-03-24T21:33:45","modified_gmt":"2022-03-24T20:33:45","slug":"protierozny-system-nd-61-esn","status":"publish","type":"product","link":"https:\/\/zelenestrechyagrocs.sk\/hu\/produkt\/protierozny-system-nd-61-esn\/","title":{"rendered":"Protier\u00f3zny syst\u00e9m ND 6+1 esn"},"content":{"rendered":"<p>Protier\u00f3zny syst\u00e9m s inovat\u00edvnym dizajnom, ktor\u00fd v sebe skr\u00fdva tie\u017e ochrann\u00fa, dren\u00e1\u017enu a vodoz\u00e1dr\u017en\u00fa funkciu.<\/p>\n<ul>\n<li>Jadro protier\u00f3zneho syst\u00e9mu ND 6+1esn tvor\u00ed perforovan\u00e1 paropriepustn\u00e1 nopov\u00e1 f\u00f3lia, vyroben\u00e1 z materi\u00e1lu vysoko odoln\u00e9ho, h\u00fa\u017eevnat\u00e9ho polystyr\u00e9nu(HIPS) s vysokou odolnos\u0165ou v tlaku a v\u00fd\u0161ke profilu cca 26,5 mm.<\/li>\n<li>Ochrann\u00e1 netkan\u00e1 geotext\u00edlia je lepen\u00e1 na spodnej strane jadra.<\/li>\n<li>Protier\u00f3zny syst\u00e9m ND 6+1 esn, ako s\u00fa\u010das\u0165 Syst\u00e9mu AGRO CS pre \u0161ikm\u00e9 Extenz\u00edvne zelen\u00e9 strechy.<\/li>\n<\/ul>\n","protected":false},"excerpt":{"rendered":"<p>Protier\u00f3zny syst\u00e9m s inovat\u00edvnym dizajnom, ktor\u00fd v sebe skr\u00fdva tie\u017e ochrann\u00fa, dren\u00e1\u017enu a vodoz\u00e1dr\u017en\u00fa funkciu.<\/p>\n<p>Balenie:<\/p>\n<ul>\n<li>20m x 1,20m<\/li>\n<\/ul>\n","protected":false},"featured_media":851,"comment_status":"closed","ping_status":"closed","template":"","meta":[],"product_brand":[],"product_cat":[24,21],"product_tag":[],"class_list":{"0":"post-849","1":"product","2":"type-product","3":"status-publish","4":"has-post-thumbnail","6":"product_cat-protierozna-ochrana-pre-sikme-strechy","7":"product_cat-vegetacne-strechy","9":"first","10":"instock","11":"shipping-taxable","12":"product-type-simple"},"featured_image_urls_v2":{"full":["https:\/\/zelenestrechyagrocs.sk\/wp-content\/uploads\/2022\/03\/ND-61-esn-Protierozny-system.webp",600,600,false],"thumbnail":["https:\/\/zelenestrechyagrocs.sk\/wp-content\/uploads\/2022\/03\/ND-61-esn-Protierozny-system-150x150.webp",150,150,true],"medium":["https:\/\/zelenestrechyagrocs.sk\/wp-content\/uploads\/2022\/03\/ND-61-esn-Protierozny-system-300x300.webp",300,300,true],"medium_large":["https:\/\/zelenestrechyagrocs.sk\/wp-content\/uploads\/2022\/03\/ND-61-esn-Protierozny-system.webp",600,600,false],"large":["https:\/\/zelenestrechyagrocs.sk\/wp-content\/uploads\/2022\/03\/ND-61-esn-Protierozny-system.webp",600,600,false],"1536x1536":["https:\/\/zelenestrechyagrocs.sk\/wp-content\/uploads\/2022\/03\/ND-61-esn-Protierozny-system.webp",600,600,false],"2048x2048":["https:\/\/zelenestrechyagrocs.sk\/wp-content\/uploads\/2022\/03\/ND-61-esn-Protierozny-system.webp",600,600,false],"woocommerce_archive_thumbnail":["https:\/\/zelenestrechyagrocs.sk\/wp-content\/uploads\/2022\/03\/ND-61-esn-Protierozny-system-300x300.webp",300,300,true],"woocommerce_thumbnail":["https:\/\/zelenestrechyagrocs.sk\/wp-content\/uploads\/2022\/03\/ND-61-esn-Protierozny-system-300x300.webp",300,300,true],"woocommerce_single":["https:\/\/zelenestrechyagrocs.sk\/wp-content\/uploads\/2022\/03\/ND-61-esn-Protierozny-system.webp",600,600,false],"woocommerce_gallery_thumbnail":["https:\/\/zelenestrechyagrocs.sk\/wp-content\/uploads\/2022\/03\/ND-61-esn-Protierozny-system-100x100.webp",100,100,true]},"post_excerpt_stackable_v2":"<p>Protier\u00f3zny syst\u00e9m s inovat\u00edvnym dizajnom, ktor\u00fd v sebe skr\u00fdva tie\u017e ochrann\u00fa, dren\u00e1\u017enu a vodoz\u00e1dr\u017en\u00fa funkciu.<\/p>\n<p>Balenie:<\/p>\n<ul>\n<li>20m x 1,20m<\/li>\n<\/ul>\n","category_list_v2":"","author_info_v2":{"name":"","url":""},"comments_num_v2":"0 comments","yoast_head":"<!-- This site is optimized with the Yoast SEO plugin v27.5 - https:\/\/yoast.com\/product\/yoast-seo-wordpress\/ -->\n<title>Protier\u00f3zny syst\u00e9m ND 6+1 esn | Zelene strechy AgroCS<\/title>\n<meta name=\"robots\" content=\"index, follow, max-snippet:-1, max-image-preview:large, max-video-preview:-1\" \/>\n<link rel=\"canonical\" href=\"https:\/\/zelenestrechyagrocs.sk\/hu\/produkt\/protierozny-system-nd-61-esn\/\" \/>\n<meta property=\"og:locale\" content=\"hu_HU\" \/>\n<meta property=\"og:type\" content=\"article\" \/>\n<meta property=\"og:title\" content=\"Protier\u00f3zny syst\u00e9m ND 6+1 esn | Zelene strechy AgroCS\" \/>\n<meta property=\"og:description\" content=\"Protier\u00f3zny syst\u00e9m s inovat\u00edvnym dizajnom, ktor\u00fd v sebe skr\u00fdva tie\u017e ochrann\u00fa, dren\u00e1\u017enu a vodoz\u00e1dr\u017en\u00fa funkciu.  Balenie:   20m x 1,20m\" \/>\n<meta property=\"og:url\" content=\"https:\/\/zelenestrechyagrocs.sk\/hu\/produkt\/protierozny-system-nd-61-esn\/\" \/>\n<meta property=\"og:site_name\" content=\"Zelene strechy AgroCS\" \/>\n<meta property=\"article:publisher\" content=\"https:\/\/www.facebook.com\/agrocsslovakiaas\/\" \/>\n<meta property=\"og:image\" content=\"https:\/\/zelenestrechyagrocs.sk\/wp-content\/uploads\/2022\/03\/ND-61-esn-Protierozny-system.webp\" \/>\n\t<meta property=\"og:image:width\" content=\"600\" \/>\n\t<meta property=\"og:image:height\" content=\"600\" \/>\n\t<meta property=\"og:image:type\" content=\"image\/webp\" \/>\n<meta name=\"twitter:card\" content=\"summary_large_image\" \/>\n<script type=\"application\/ld+json\" class=\"yoast-schema-graph\">{\"@context\":\"https:\\\/\\\/schema.org\",\"@graph\":[{\"@type\":\"WebPage\",\"@id\":\"https:\\\/\\\/zelenestrechyagrocs.sk\\\/hu\\\/produkt\\\/protierozny-system-nd-61-esn\\\/\",\"url\":\"https:\\\/\\\/zelenestrechyagrocs.sk\\\/hu\\\/produkt\\\/protierozny-system-nd-61-esn\\\/\",\"name\":\"Protier\u00f3zny syst\u00e9m ND 6+1 esn | Zelene strechy AgroCS\",\"isPartOf\":{\"@id\":\"https:\\\/\\\/zelenestrechyagrocs.sk\\\/hu\\\/#website\"},\"primaryImageOfPage\":{\"@id\":\"https:\\\/\\\/zelenestrechyagrocs.sk\\\/hu\\\/produkt\\\/protierozny-system-nd-61-esn\\\/#primaryimage\"},\"image\":{\"@id\":\"https:\\\/\\\/zelenestrechyagrocs.sk\\\/hu\\\/produkt\\\/protierozny-system-nd-61-esn\\\/#primaryimage\"},\"thumbnailUrl\":\"https:\\\/\\\/zelenestrechyagrocs.sk\\\/wp-content\\\/uploads\\\/2022\\\/03\\\/ND-61-esn-Protierozny-system.webp\",\"datePublished\":\"2022-03-24T20:33:45+00:00\",\"breadcrumb\":{\"@id\":\"https:\\\/\\\/zelenestrechyagrocs.sk\\\/hu\\\/produkt\\\/protierozny-system-nd-61-esn\\\/#breadcrumb\"},\"inLanguage\":\"hu\",\"potentialAction\":[{\"@type\":\"ReadAction\",\"target\":[\"https:\\\/\\\/zelenestrechyagrocs.sk\\\/hu\\\/produkt\\\/protierozny-system-nd-61-esn\\\/\"]}]},{\"@type\":\"ImageObject\",\"inLanguage\":\"hu\",\"@id\":\"https:\\\/\\\/zelenestrechyagrocs.sk\\\/hu\\\/produkt\\\/protierozny-system-nd-61-esn\\\/#primaryimage\",\"url\":\"https:\\\/\\\/zelenestrechyagrocs.sk\\\/wp-content\\\/uploads\\\/2022\\\/03\\\/ND-61-esn-Protierozny-system.webp\",\"contentUrl\":\"https:\\\/\\\/zelenestrechyagrocs.sk\\\/wp-content\\\/uploads\\\/2022\\\/03\\\/ND-61-esn-Protierozny-system.webp\",\"width\":600,\"height\":600},{\"@type\":\"BreadcrumbList\",\"@id\":\"https:\\\/\\\/zelenestrechyagrocs.sk\\\/hu\\\/produkt\\\/protierozny-system-nd-61-esn\\\/#breadcrumb\",\"itemListElement\":[{\"@type\":\"ListItem\",\"position\":1,\"name\":\"Domovsk\u00e1 str\u00e1nka\",\"item\":\"https:\\\/\\\/zelenestrechyagrocs.sk\\\/hu\\\/\"},{\"@type\":\"ListItem\",\"position\":2,\"name\":\"Produkty\",\"item\":\"https:\\\/\\\/zelenestrechyagrocs.sk\\\/produkty\\\/\"},{\"@type\":\"ListItem\",\"position\":3,\"name\":\"Protier\u00f3zny syst\u00e9m ND 6+1 esn\"}]},{\"@type\":\"WebSite\",\"@id\":\"https:\\\/\\\/zelenestrechyagrocs.sk\\\/hu\\\/#website\",\"url\":\"https:\\\/\\\/zelenestrechyagrocs.sk\\\/hu\\\/\",\"name\":\"Zelene strechy AgroCS\",\"description\":\"produkty pre tvorbu vegeta\u010dn\u00fdch striech\",\"publisher\":{\"@id\":\"https:\\\/\\\/zelenestrechyagrocs.sk\\\/hu\\\/#organization\"},\"potentialAction\":[{\"@type\":\"SearchAction\",\"target\":{\"@type\":\"EntryPoint\",\"urlTemplate\":\"https:\\\/\\\/zelenestrechyagrocs.sk\\\/hu\\\/?s={search_term_string}\"},\"query-input\":{\"@type\":\"PropertyValueSpecification\",\"valueRequired\":true,\"valueName\":\"search_term_string\"}}],\"inLanguage\":\"hu\"},{\"@type\":\"Organization\",\"@id\":\"https:\\\/\\\/zelenestrechyagrocs.sk\\\/hu\\\/#organization\",\"name\":\"AGRO CS Slovakia, a.s.\u200b\",\"url\":\"https:\\\/\\\/zelenestrechyagrocs.sk\\\/hu\\\/\",\"logo\":{\"@type\":\"ImageObject\",\"inLanguage\":\"hu\",\"@id\":\"https:\\\/\\\/zelenestrechyagrocs.sk\\\/hu\\\/#\\\/schema\\\/logo\\\/image\\\/\",\"url\":\"https:\\\/\\\/zelenestrechyagrocs.sk\\\/wp-content\\\/uploads\\\/2022\\\/03\\\/logo-zelene-strechy-50.png\",\"contentUrl\":\"https:\\\/\\\/zelenestrechyagrocs.sk\\\/wp-content\\\/uploads\\\/2022\\\/03\\\/logo-zelene-strechy-50.png\",\"width\":159,\"height\":50,\"caption\":\"AGRO CS Slovakia, a.s.\u200b\"},\"image\":{\"@id\":\"https:\\\/\\\/zelenestrechyagrocs.sk\\\/hu\\\/#\\\/schema\\\/logo\\\/image\\\/\"},\"sameAs\":[\"https:\\\/\\\/www.facebook.com\\\/agrocsslovakiaas\\\/\",\"https:\\\/\\\/www.instagram.com\\\/agrocs\\\/\",\"https:\\\/\\\/www.youtube.com\\\/channel\\\/UCeNR8AizJL8Po-NFulKO-mg\"]}]}<\/script>\n<!-- \/ Yoast SEO plugin. -->","yoast_head_json":{"title":"Protier\u00f3zny syst\u00e9m ND 6+1 esn | Zelene strechy AgroCS","robots":{"index":"index","follow":"follow","max-snippet":"max-snippet:-1","max-image-preview":"max-image-preview:large","max-video-preview":"max-video-preview:-1"},"canonical":"https:\/\/zelenestrechyagrocs.sk\/hu\/produkt\/protierozny-system-nd-61-esn\/","og_locale":"hu_HU","og_type":"article","og_title":"Protier\u00f3zny syst\u00e9m ND 6+1 esn | Zelene strechy AgroCS","og_description":"Protier\u00f3zny syst\u00e9m s inovat\u00edvnym dizajnom, ktor\u00fd v sebe skr\u00fdva tie\u017e ochrann\u00fa, dren\u00e1\u017enu a vodoz\u00e1dr\u017en\u00fa funkciu.  Balenie:   20m x 1,20m","og_url":"https:\/\/zelenestrechyagrocs.sk\/hu\/produkt\/protierozny-system-nd-61-esn\/","og_site_name":"Zelene strechy AgroCS","article_publisher":"https:\/\/www.facebook.com\/agrocsslovakiaas\/","og_image":[{"width":600,"height":600,"url":"https:\/\/zelenestrechyagrocs.sk\/wp-content\/uploads\/2022\/03\/ND-61-esn-Protierozny-system.webp","type":"image\/webp"}],"twitter_card":"summary_large_image","schema":{"@context":"https:\/\/schema.org","@graph":[{"@type":"WebPage","@id":"https:\/\/zelenestrechyagrocs.sk\/hu\/produkt\/protierozny-system-nd-61-esn\/","url":"https:\/\/zelenestrechyagrocs.sk\/hu\/produkt\/protierozny-system-nd-61-esn\/","name":"Protier\u00f3zny syst\u00e9m ND 6+1 esn | Zelene strechy AgroCS","isPartOf":{"@id":"https:\/\/zelenestrechyagrocs.sk\/hu\/#website"},"primaryImageOfPage":{"@id":"https:\/\/zelenestrechyagrocs.sk\/hu\/produkt\/protierozny-system-nd-61-esn\/#primaryimage"},"image":{"@id":"https:\/\/zelenestrechyagrocs.sk\/hu\/produkt\/protierozny-system-nd-61-esn\/#primaryimage"},"thumbnailUrl":"https:\/\/zelenestrechyagrocs.sk\/wp-content\/uploads\/2022\/03\/ND-61-esn-Protierozny-system.webp","datePublished":"2022-03-24T20:33:45+00:00","breadcrumb":{"@id":"https:\/\/zelenestrechyagrocs.sk\/hu\/produkt\/protierozny-system-nd-61-esn\/#breadcrumb"},"inLanguage":"hu","potentialAction":[{"@type":"ReadAction","target":["https:\/\/zelenestrechyagrocs.sk\/hu\/produkt\/protierozny-system-nd-61-esn\/"]}]},{"@type":"ImageObject","inLanguage":"hu","@id":"https:\/\/zelenestrechyagrocs.sk\/hu\/produkt\/protierozny-system-nd-61-esn\/#primaryimage","url":"https:\/\/zelenestrechyagrocs.sk\/wp-content\/uploads\/2022\/03\/ND-61-esn-Protierozny-system.webp","contentUrl":"https:\/\/zelenestrechyagrocs.sk\/wp-content\/uploads\/2022\/03\/ND-61-esn-Protierozny-system.webp","width":600,"height":600},{"@type":"BreadcrumbList","@id":"https:\/\/zelenestrechyagrocs.sk\/hu\/produkt\/protierozny-system-nd-61-esn\/#breadcrumb","itemListElement":[{"@type":"ListItem","position":1,"name":"Domovsk\u00e1 str\u00e1nka","item":"https:\/\/zelenestrechyagrocs.sk\/hu\/"},{"@type":"ListItem","position":2,"name":"Produkty","item":"https:\/\/zelenestrechyagrocs.sk\/produkty\/"},{"@type":"ListItem","position":3,"name":"Protier\u00f3zny syst\u00e9m ND 6+1 esn"}]},{"@type":"WebSite","@id":"https:\/\/zelenestrechyagrocs.sk\/hu\/#website","url":"https:\/\/zelenestrechyagrocs.sk\/hu\/","name":"Zelene strechy AgroCS","description":"produkty pre tvorbu vegeta\u010dn\u00fdch striech","publisher":{"@id":"https:\/\/zelenestrechyagrocs.sk\/hu\/#organization"},"potentialAction":[{"@type":"SearchAction","target":{"@type":"EntryPoint","urlTemplate":"https:\/\/zelenestrechyagrocs.sk\/hu\/?s={search_term_string}"},"query-input":{"@type":"PropertyValueSpecification","valueRequired":true,"valueName":"search_term_string"}}],"inLanguage":"hu"},{"@type":"Organization","@id":"https:\/\/zelenestrechyagrocs.sk\/hu\/#organization","name":"AGRO CS Slovakia, a.s.\u200b","url":"https:\/\/zelenestrechyagrocs.sk\/hu\/","logo":{"@type":"ImageObject","inLanguage":"hu","@id":"https:\/\/zelenestrechyagrocs.sk\/hu\/#\/schema\/logo\/image\/","url":"https:\/\/zelenestrechyagrocs.sk\/wp-content\/uploads\/2022\/03\/logo-zelene-strechy-50.png","contentUrl":"https:\/\/zelenestrechyagrocs.sk\/wp-content\/uploads\/2022\/03\/logo-zelene-strechy-50.png","width":159,"height":50,"caption":"AGRO CS Slovakia, a.s.\u200b"},"image":{"@id":"https:\/\/zelenestrechyagrocs.sk\/hu\/#\/schema\/logo\/image\/"},"sameAs":["https:\/\/www.facebook.com\/agrocsslovakiaas\/","https:\/\/www.instagram.com\/agrocs\/","https:\/\/www.youtube.com\/channel\/UCeNR8AizJL8Po-NFulKO-mg"]}]}},"_links":{"self":[{"href":"https:\/\/zelenestrechyagrocs.sk\/hu\/wp-json\/wp\/v2\/product\/849","targetHints":{"allow":["GET"]}}],"collection":[{"href":"https:\/\/zelenestrechyagrocs.sk\/hu\/wp-json\/wp\/v2\/product"}],"about":[{"href":"https:\/\/zelenestrechyagrocs.sk\/hu\/wp-json\/wp\/v2\/types\/product"}],"replies":[{"embeddable":true,"href":"https:\/\/zelenestrechyagrocs.sk\/hu\/wp-json\/wp\/v2\/comments?post=849"}],"wp:featuredmedia":[{"embeddable":true,"href":"https:\/\/zelenestrechyagrocs.sk\/hu\/wp-json\/wp\/v2\/media\/851"}],"wp:attachment":[{"href":"https:\/\/zelenestrechyagrocs.sk\/hu\/wp-json\/wp\/v2\/media?parent=849"}],"wp:term":[{"taxonomy":"product_brand","embeddable":true,"href":"https:\/\/zelenestrechyagrocs.sk\/hu\/wp-json\/wp\/v2\/product_brand?post=849"},{"taxonomy":"product_cat","embeddable":true,"href":"https:\/\/zelenestrechyagrocs.sk\/hu\/wp-json\/wp\/v2\/product_cat?post=849"},{"taxonomy":"product_tag","embeddable":true,"href":"https:\/\/zelenestrechyagrocs.sk\/hu\/wp-json\/wp\/v2\/product_tag?post=849"}],"curies":[{"name":"wp","href":"https:\/\/api.w.org\/{rel}","templated":true}]}}