{"id":852,"date":"2022-03-24T21:35:26","date_gmt":"2022-03-24T20:35:26","guid":{"rendered":"https:\/\/zelenestrechyagrocs.sk\/?post_type=product&#038;p=852"},"modified":"2022-03-24T21:35:26","modified_gmt":"2022-03-24T20:35:26","slug":"vodoakumulacne-substratove-panely-nd-wsm-50","status":"publish","type":"product","link":"https:\/\/zelenestrechyagrocs.sk\/hu\/produkt\/vodoakumulacne-substratove-panely-nd-wsm-50\/","title":{"rendered":"Vodoakumula\u010dn\u00e9 substr\u00e1tov\u00e9 panely ND WSM-50"},"content":{"rendered":"<p>ND WSM-50 Hydroakumula\u010dn\u00fd panel so stabilnou \u0161trukt\u00farou vyroben\u00fd z hydrofilnej miner\u00e1lnej vaty, umo\u017e\u0148uj\u00faci v Nophadrain Syst\u00e9moch Intezn\u00edvnych vegeta\u010dn\u00fdch strech\u00e1ch akumulova\u0165 vodu prirodzene, podobne ako v pr\u00edrode vo vrstv\u00e1ch podorni\u010dia. Panely pri v\u00fd\u0161ke len 50 mm akumuluj\u00fa a\u017e 40 l\/m\u00b2 vody. Vzh\u013eadom k minim\u00e1lnej u\u013eahnutosti s\u00fa panely schv\u00e1len\u00e9 ako n\u00e1hrada substr\u00e1tu pod\u013ea Smernice zelen\u00fdch striech FLL * (verzia 2008). V\u010faka priamemu kontaktu hydroakumula\u010dn\u00fdch panelov s vrstvou substr\u00e1tu a kapilarite, je veget\u00e1cia schopn\u00e1 vyrovn\u00e1va\u0165 svoj vodn\u00fd re\u017eim tak ako v pr\u00edrode. Pri pres\u00fdten\u00ed hydroakumula\u010dn\u00fdch panelov vodou je prebyto\u010dn\u00e1 voda odv\u00e1dzan\u00e1 pomocou ND Dren\u00e1\u017eneho Syst\u00e9mu.<\/p>\n<p><strong>Vlastnosti produktu:<\/strong><\/p>\n<ul>\n<li>Materi\u00e1l: hydrofiln\u00e1 miner\u00e1lna vata<\/li>\n<li>Hustota: cca 120 kg\/m\u00b3<\/li>\n<li>Hydroakumula\u010dn\u00e1 schopnos\u0165: cca 40 l\/m\u00b2 = 80 % objemu<\/li>\n<li>Objem vzduchov\u00fdch p\u00f3rov cca 16 %<\/li>\n<li>Hodnota pH: 7 \u2013 8<\/li>\n<li>Hmotnos\u0165 za sucha cca 6 kg\/m\u00b2, v nas\u00fdtenom stave cca 46 kg\/m\u00b2<\/li>\n<\/ul>\n","protected":false},"excerpt":{"rendered":"<p><strong>Produkt:\u00a0<\/strong>ND WSM-50\/1200 Hydroakumula\u010dn\u00fd panel<br \/>\n<strong>Rozmery:\u00a0<\/strong>cca 1.200x 600 x 50 mm<br \/>\n<strong>Balenie:<\/strong>\u00a0cca 2.88m2, balenie<\/p>\n","protected":false},"featured_media":853,"comment_status":"closed","ping_status":"closed","template":"","meta":[],"product_brand":[],"product_cat":[21,25],"product_tag":[],"class_list":{"0":"post-852","1":"product","2":"type-product","3":"status-publish","4":"has-post-thumbnail","6":"product_cat-vegetacne-strechy","7":"product_cat-vodoakumulacne-substratove-panely","9":"first","10":"instock","11":"shipping-taxable","12":"product-type-simple"},"featured_image_urls_v2":{"full":["https:\/\/zelenestrechyagrocs.sk\/wp-content\/uploads\/2022\/03\/ND-WSM-50-Vodoakumulacne-substratove-panely.webp",600,600,false],"thumbnail":["https:\/\/zelenestrechyagrocs.sk\/wp-content\/uploads\/2022\/03\/ND-WSM-50-Vodoakumulacne-substratove-panely-150x150.webp",150,150,true],"medium":["https:\/\/zelenestrechyagrocs.sk\/wp-content\/uploads\/2022\/03\/ND-WSM-50-Vodoakumulacne-substratove-panely-300x300.webp",300,300,true],"medium_large":["https:\/\/zelenestrechyagrocs.sk\/wp-content\/uploads\/2022\/03\/ND-WSM-50-Vodoakumulacne-substratove-panely.webp",600,600,false],"large":["https:\/\/zelenestrechyagrocs.sk\/wp-content\/uploads\/2022\/03\/ND-WSM-50-Vodoakumulacne-substratove-panely.webp",600,600,false],"1536x1536":["https:\/\/zelenestrechyagrocs.sk\/wp-content\/uploads\/2022\/03\/ND-WSM-50-Vodoakumulacne-substratove-panely.webp",600,600,false],"2048x2048":["https:\/\/zelenestrechyagrocs.sk\/wp-content\/uploads\/2022\/03\/ND-WSM-50-Vodoakumulacne-substratove-panely.webp",600,600,false],"woocommerce_archive_thumbnail":["https:\/\/zelenestrechyagrocs.sk\/wp-content\/uploads\/2022\/03\/ND-WSM-50-Vodoakumulacne-substratove-panely-300x300.webp",300,300,true],"woocommerce_thumbnail":["https:\/\/zelenestrechyagrocs.sk\/wp-content\/uploads\/2022\/03\/ND-WSM-50-Vodoakumulacne-substratove-panely-300x300.webp",300,300,true],"woocommerce_single":["https:\/\/zelenestrechyagrocs.sk\/wp-content\/uploads\/2022\/03\/ND-WSM-50-Vodoakumulacne-substratove-panely.webp",600,600,false],"woocommerce_gallery_thumbnail":["https:\/\/zelenestrechyagrocs.sk\/wp-content\/uploads\/2022\/03\/ND-WSM-50-Vodoakumulacne-substratove-panely-100x100.webp",100,100,true]},"post_excerpt_stackable_v2":"<p><strong>Produkt:\u00a0<\/strong>ND WSM-50\/1200 Hydroakumula\u010dn\u00fd panel<br \/>\n<strong>Rozmery:\u00a0<\/strong>cca 1.200x 600 x 50 mm<br \/>\n<strong>Balenie:<\/strong>\u00a0cca 2.88m2, balenie<\/p>\n","category_list_v2":"","author_info_v2":{"name":"","url":""},"comments_num_v2":"0 comments","yoast_head":"<!-- This site is optimized with the Yoast SEO plugin v27.5 - https:\/\/yoast.com\/product\/yoast-seo-wordpress\/ -->\n<title>Vodoakumula\u010dn\u00e9 substr\u00e1tov\u00e9 panely ND WSM-50 | Zelene strechy AgroCS<\/title>\n<meta name=\"robots\" content=\"index, follow, max-snippet:-1, max-image-preview:large, max-video-preview:-1\" \/>\n<link rel=\"canonical\" href=\"https:\/\/zelenestrechyagrocs.sk\/hu\/produkt\/vodoakumulacne-substratove-panely-nd-wsm-50\/\" \/>\n<meta property=\"og:locale\" content=\"hu_HU\" \/>\n<meta property=\"og:type\" content=\"article\" \/>\n<meta property=\"og:title\" content=\"Vodoakumula\u010dn\u00e9 substr\u00e1tov\u00e9 panely ND WSM-50 | Zelene strechy AgroCS\" \/>\n<meta property=\"og:description\" content=\"Produkt:\u00a0ND WSM-50\/1200 Hydroakumula\u010dn\u00fd panel Rozmery:\u00a0cca 1.200x 600 x 50 mm Balenie:\u00a0cca 2.88m2, balenie\" \/>\n<meta property=\"og:url\" content=\"https:\/\/zelenestrechyagrocs.sk\/hu\/produkt\/vodoakumulacne-substratove-panely-nd-wsm-50\/\" \/>\n<meta property=\"og:site_name\" content=\"Zelene strechy AgroCS\" \/>\n<meta property=\"article:publisher\" content=\"https:\/\/www.facebook.com\/agrocsslovakiaas\/\" \/>\n<meta property=\"og:image\" content=\"https:\/\/zelenestrechyagrocs.sk\/wp-content\/uploads\/2022\/03\/ND-WSM-50-Vodoakumulacne-substratove-panely.webp\" \/>\n\t<meta property=\"og:image:width\" content=\"600\" \/>\n\t<meta property=\"og:image:height\" content=\"600\" \/>\n\t<meta property=\"og:image:type\" content=\"image\/webp\" \/>\n<meta name=\"twitter:card\" content=\"summary_large_image\" \/>\n<meta name=\"twitter:label1\" content=\"Becs\u00fclt olvas\u00e1si id\u0151\" \/>\n\t<meta name=\"twitter:data1\" content=\"1 perc\" \/>\n<script type=\"application\/ld+json\" class=\"yoast-schema-graph\">{\"@context\":\"https:\\\/\\\/schema.org\",\"@graph\":[{\"@type\":\"WebPage\",\"@id\":\"https:\\\/\\\/zelenestrechyagrocs.sk\\\/hu\\\/produkt\\\/vodoakumulacne-substratove-panely-nd-wsm-50\\\/\",\"url\":\"https:\\\/\\\/zelenestrechyagrocs.sk\\\/hu\\\/produkt\\\/vodoakumulacne-substratove-panely-nd-wsm-50\\\/\",\"name\":\"Vodoakumula\u010dn\u00e9 substr\u00e1tov\u00e9 panely ND WSM-50 | Zelene strechy AgroCS\",\"isPartOf\":{\"@id\":\"https:\\\/\\\/zelenestrechyagrocs.sk\\\/hu\\\/#website\"},\"primaryImageOfPage\":{\"@id\":\"https:\\\/\\\/zelenestrechyagrocs.sk\\\/hu\\\/produkt\\\/vodoakumulacne-substratove-panely-nd-wsm-50\\\/#primaryimage\"},\"image\":{\"@id\":\"https:\\\/\\\/zelenestrechyagrocs.sk\\\/hu\\\/produkt\\\/vodoakumulacne-substratove-panely-nd-wsm-50\\\/#primaryimage\"},\"thumbnailUrl\":\"https:\\\/\\\/zelenestrechyagrocs.sk\\\/wp-content\\\/uploads\\\/2022\\\/03\\\/ND-WSM-50-Vodoakumulacne-substratove-panely.webp\",\"datePublished\":\"2022-03-24T20:35:26+00:00\",\"breadcrumb\":{\"@id\":\"https:\\\/\\\/zelenestrechyagrocs.sk\\\/hu\\\/produkt\\\/vodoakumulacne-substratove-panely-nd-wsm-50\\\/#breadcrumb\"},\"inLanguage\":\"hu\",\"potentialAction\":[{\"@type\":\"ReadAction\",\"target\":[\"https:\\\/\\\/zelenestrechyagrocs.sk\\\/hu\\\/produkt\\\/vodoakumulacne-substratove-panely-nd-wsm-50\\\/\"]}]},{\"@type\":\"ImageObject\",\"inLanguage\":\"hu\",\"@id\":\"https:\\\/\\\/zelenestrechyagrocs.sk\\\/hu\\\/produkt\\\/vodoakumulacne-substratove-panely-nd-wsm-50\\\/#primaryimage\",\"url\":\"https:\\\/\\\/zelenestrechyagrocs.sk\\\/wp-content\\\/uploads\\\/2022\\\/03\\\/ND-WSM-50-Vodoakumulacne-substratove-panely.webp\",\"contentUrl\":\"https:\\\/\\\/zelenestrechyagrocs.sk\\\/wp-content\\\/uploads\\\/2022\\\/03\\\/ND-WSM-50-Vodoakumulacne-substratove-panely.webp\",\"width\":600,\"height\":600},{\"@type\":\"BreadcrumbList\",\"@id\":\"https:\\\/\\\/zelenestrechyagrocs.sk\\\/hu\\\/produkt\\\/vodoakumulacne-substratove-panely-nd-wsm-50\\\/#breadcrumb\",\"itemListElement\":[{\"@type\":\"ListItem\",\"position\":1,\"name\":\"Domovsk\u00e1 str\u00e1nka\",\"item\":\"https:\\\/\\\/zelenestrechyagrocs.sk\\\/hu\\\/\"},{\"@type\":\"ListItem\",\"position\":2,\"name\":\"Produkty\",\"item\":\"https:\\\/\\\/zelenestrechyagrocs.sk\\\/produkty\\\/\"},{\"@type\":\"ListItem\",\"position\":3,\"name\":\"Vodoakumula\u010dn\u00e9 substr\u00e1tov\u00e9 panely ND WSM-50\"}]},{\"@type\":\"WebSite\",\"@id\":\"https:\\\/\\\/zelenestrechyagrocs.sk\\\/hu\\\/#website\",\"url\":\"https:\\\/\\\/zelenestrechyagrocs.sk\\\/hu\\\/\",\"name\":\"Zelene strechy AgroCS\",\"description\":\"produkty pre tvorbu vegeta\u010dn\u00fdch striech\",\"publisher\":{\"@id\":\"https:\\\/\\\/zelenestrechyagrocs.sk\\\/hu\\\/#organization\"},\"potentialAction\":[{\"@type\":\"SearchAction\",\"target\":{\"@type\":\"EntryPoint\",\"urlTemplate\":\"https:\\\/\\\/zelenestrechyagrocs.sk\\\/hu\\\/?s={search_term_string}\"},\"query-input\":{\"@type\":\"PropertyValueSpecification\",\"valueRequired\":true,\"valueName\":\"search_term_string\"}}],\"inLanguage\":\"hu\"},{\"@type\":\"Organization\",\"@id\":\"https:\\\/\\\/zelenestrechyagrocs.sk\\\/hu\\\/#organization\",\"name\":\"AGRO CS Slovakia, a.s.\u200b\",\"url\":\"https:\\\/\\\/zelenestrechyagrocs.sk\\\/hu\\\/\",\"logo\":{\"@type\":\"ImageObject\",\"inLanguage\":\"hu\",\"@id\":\"https:\\\/\\\/zelenestrechyagrocs.sk\\\/hu\\\/#\\\/schema\\\/logo\\\/image\\\/\",\"url\":\"https:\\\/\\\/zelenestrechyagrocs.sk\\\/wp-content\\\/uploads\\\/2022\\\/03\\\/logo-zelene-strechy-50.png\",\"contentUrl\":\"https:\\\/\\\/zelenestrechyagrocs.sk\\\/wp-content\\\/uploads\\\/2022\\\/03\\\/logo-zelene-strechy-50.png\",\"width\":159,\"height\":50,\"caption\":\"AGRO CS Slovakia, a.s.\u200b\"},\"image\":{\"@id\":\"https:\\\/\\\/zelenestrechyagrocs.sk\\\/hu\\\/#\\\/schema\\\/logo\\\/image\\\/\"},\"sameAs\":[\"https:\\\/\\\/www.facebook.com\\\/agrocsslovakiaas\\\/\",\"https:\\\/\\\/www.instagram.com\\\/agrocs\\\/\",\"https:\\\/\\\/www.youtube.com\\\/channel\\\/UCeNR8AizJL8Po-NFulKO-mg\"]}]}<\/script>\n<!-- \/ Yoast SEO plugin. -->","yoast_head_json":{"title":"Vodoakumula\u010dn\u00e9 substr\u00e1tov\u00e9 panely ND WSM-50 | Zelene strechy AgroCS","robots":{"index":"index","follow":"follow","max-snippet":"max-snippet:-1","max-image-preview":"max-image-preview:large","max-video-preview":"max-video-preview:-1"},"canonical":"https:\/\/zelenestrechyagrocs.sk\/hu\/produkt\/vodoakumulacne-substratove-panely-nd-wsm-50\/","og_locale":"hu_HU","og_type":"article","og_title":"Vodoakumula\u010dn\u00e9 substr\u00e1tov\u00e9 panely ND WSM-50 | Zelene strechy AgroCS","og_description":"Produkt:\u00a0ND WSM-50\/1200 Hydroakumula\u010dn\u00fd panel Rozmery:\u00a0cca 1.200x 600 x 50 mm Balenie:\u00a0cca 2.88m2, balenie","og_url":"https:\/\/zelenestrechyagrocs.sk\/hu\/produkt\/vodoakumulacne-substratove-panely-nd-wsm-50\/","og_site_name":"Zelene strechy AgroCS","article_publisher":"https:\/\/www.facebook.com\/agrocsslovakiaas\/","og_image":[{"width":600,"height":600,"url":"https:\/\/zelenestrechyagrocs.sk\/wp-content\/uploads\/2022\/03\/ND-WSM-50-Vodoakumulacne-substratove-panely.webp","type":"image\/webp"}],"twitter_card":"summary_large_image","twitter_misc":{"Becs\u00fclt olvas\u00e1si id\u0151":"1 perc"},"schema":{"@context":"https:\/\/schema.org","@graph":[{"@type":"WebPage","@id":"https:\/\/zelenestrechyagrocs.sk\/hu\/produkt\/vodoakumulacne-substratove-panely-nd-wsm-50\/","url":"https:\/\/zelenestrechyagrocs.sk\/hu\/produkt\/vodoakumulacne-substratove-panely-nd-wsm-50\/","name":"Vodoakumula\u010dn\u00e9 substr\u00e1tov\u00e9 panely ND WSM-50 | Zelene strechy AgroCS","isPartOf":{"@id":"https:\/\/zelenestrechyagrocs.sk\/hu\/#website"},"primaryImageOfPage":{"@id":"https:\/\/zelenestrechyagrocs.sk\/hu\/produkt\/vodoakumulacne-substratove-panely-nd-wsm-50\/#primaryimage"},"image":{"@id":"https:\/\/zelenestrechyagrocs.sk\/hu\/produkt\/vodoakumulacne-substratove-panely-nd-wsm-50\/#primaryimage"},"thumbnailUrl":"https:\/\/zelenestrechyagrocs.sk\/wp-content\/uploads\/2022\/03\/ND-WSM-50-Vodoakumulacne-substratove-panely.webp","datePublished":"2022-03-24T20:35:26+00:00","breadcrumb":{"@id":"https:\/\/zelenestrechyagrocs.sk\/hu\/produkt\/vodoakumulacne-substratove-panely-nd-wsm-50\/#breadcrumb"},"inLanguage":"hu","potentialAction":[{"@type":"ReadAction","target":["https:\/\/zelenestrechyagrocs.sk\/hu\/produkt\/vodoakumulacne-substratove-panely-nd-wsm-50\/"]}]},{"@type":"ImageObject","inLanguage":"hu","@id":"https:\/\/zelenestrechyagrocs.sk\/hu\/produkt\/vodoakumulacne-substratove-panely-nd-wsm-50\/#primaryimage","url":"https:\/\/zelenestrechyagrocs.sk\/wp-content\/uploads\/2022\/03\/ND-WSM-50-Vodoakumulacne-substratove-panely.webp","contentUrl":"https:\/\/zelenestrechyagrocs.sk\/wp-content\/uploads\/2022\/03\/ND-WSM-50-Vodoakumulacne-substratove-panely.webp","width":600,"height":600},{"@type":"BreadcrumbList","@id":"https:\/\/zelenestrechyagrocs.sk\/hu\/produkt\/vodoakumulacne-substratove-panely-nd-wsm-50\/#breadcrumb","itemListElement":[{"@type":"ListItem","position":1,"name":"Domovsk\u00e1 str\u00e1nka","item":"https:\/\/zelenestrechyagrocs.sk\/hu\/"},{"@type":"ListItem","position":2,"name":"Produkty","item":"https:\/\/zelenestrechyagrocs.sk\/produkty\/"},{"@type":"ListItem","position":3,"name":"Vodoakumula\u010dn\u00e9 substr\u00e1tov\u00e9 panely ND WSM-50"}]},{"@type":"WebSite","@id":"https:\/\/zelenestrechyagrocs.sk\/hu\/#website","url":"https:\/\/zelenestrechyagrocs.sk\/hu\/","name":"Zelene strechy AgroCS","description":"produkty pre tvorbu vegeta\u010dn\u00fdch striech","publisher":{"@id":"https:\/\/zelenestrechyagrocs.sk\/hu\/#organization"},"potentialAction":[{"@type":"SearchAction","target":{"@type":"EntryPoint","urlTemplate":"https:\/\/zelenestrechyagrocs.sk\/hu\/?s={search_term_string}"},"query-input":{"@type":"PropertyValueSpecification","valueRequired":true,"valueName":"search_term_string"}}],"inLanguage":"hu"},{"@type":"Organization","@id":"https:\/\/zelenestrechyagrocs.sk\/hu\/#organization","name":"AGRO CS Slovakia, a.s.\u200b","url":"https:\/\/zelenestrechyagrocs.sk\/hu\/","logo":{"@type":"ImageObject","inLanguage":"hu","@id":"https:\/\/zelenestrechyagrocs.sk\/hu\/#\/schema\/logo\/image\/","url":"https:\/\/zelenestrechyagrocs.sk\/wp-content\/uploads\/2022\/03\/logo-zelene-strechy-50.png","contentUrl":"https:\/\/zelenestrechyagrocs.sk\/wp-content\/uploads\/2022\/03\/logo-zelene-strechy-50.png","width":159,"height":50,"caption":"AGRO CS Slovakia, a.s.\u200b"},"image":{"@id":"https:\/\/zelenestrechyagrocs.sk\/hu\/#\/schema\/logo\/image\/"},"sameAs":["https:\/\/www.facebook.com\/agrocsslovakiaas\/","https:\/\/www.instagram.com\/agrocs\/","https:\/\/www.youtube.com\/channel\/UCeNR8AizJL8Po-NFulKO-mg"]}]}},"_links":{"self":[{"href":"https:\/\/zelenestrechyagrocs.sk\/hu\/wp-json\/wp\/v2\/product\/852","targetHints":{"allow":["GET"]}}],"collection":[{"href":"https:\/\/zelenestrechyagrocs.sk\/hu\/wp-json\/wp\/v2\/product"}],"about":[{"href":"https:\/\/zelenestrechyagrocs.sk\/hu\/wp-json\/wp\/v2\/types\/product"}],"replies":[{"embeddable":true,"href":"https:\/\/zelenestrechyagrocs.sk\/hu\/wp-json\/wp\/v2\/comments?post=852"}],"wp:featuredmedia":[{"embeddable":true,"href":"https:\/\/zelenestrechyagrocs.sk\/hu\/wp-json\/wp\/v2\/media\/853"}],"wp:attachment":[{"href":"https:\/\/zelenestrechyagrocs.sk\/hu\/wp-json\/wp\/v2\/media?parent=852"}],"wp:term":[{"taxonomy":"product_brand","embeddable":true,"href":"https:\/\/zelenestrechyagrocs.sk\/hu\/wp-json\/wp\/v2\/product_brand?post=852"},{"taxonomy":"product_cat","embeddable":true,"href":"https:\/\/zelenestrechyagrocs.sk\/hu\/wp-json\/wp\/v2\/product_cat?post=852"},{"taxonomy":"product_tag","embeddable":true,"href":"https:\/\/zelenestrechyagrocs.sk\/hu\/wp-json\/wp\/v2\/product_tag?post=852"}],"curies":[{"name":"wp","href":"https:\/\/api.w.org\/{rel}","templated":true}]}}