{"id":856,"date":"2022-03-24T21:38:00","date_gmt":"2022-03-24T20:38:00","guid":{"rendered":"https:\/\/zelenestrechyagrocs.sk\/?post_type=product&#038;p=856"},"modified":"2022-03-24T21:38:00","modified_gmt":"2022-03-24T20:38:00","slug":"drenazny-system-nd-51","status":"publish","type":"product","link":"https:\/\/zelenestrechyagrocs.sk\/hu\/produkt\/drenazny-system-nd-51\/","title":{"rendered":"Dren\u00e1\u017eny syst\u00e9m ND 5+1"},"content":{"rendered":"<p>Vysokov\u00fdkonn\u00fd dren\u00e1\u017eny syst\u00e9m vyroben\u00fd z recyklovan\u00e9ho ve\u013emi odoln\u00e9ho polystyr\u00e9nu (HIPS) s inovat\u00edvnym dizajnom. Jadro ND 5+1 dren\u00e1\u017eneho syst\u00e9mu je perforovan\u00e1 paropriepustn\u00e1 nopov\u00e1 f\u00f3lia s vodoz\u00e1dr\u017enos\u0165ou cca 5,8 l\/m2 . Jadro sa vyzna\u010duje vysokou pevnos\u0165ou v tlaku a v\u00fd\u0161kou profilu cca 27,5 mm. \u010cierna netkan\u00e1 filtra\u010dn\u00e1 geotext\u00edlia je prilepen\u00e1 k povrchu hladkej strany perforovan\u00e9ho jadra a biela netkan\u00e1 geotext\u00edlia, pln\u00ed funkciu paropriepustn\u00fa, ochrann\u00fa a separa\u010dn\u00fa, je spojen\u00e1 s ka\u017ed\u00fdm nopom na odvr\u00e1tenej strane f\u00f3lie. Kon\u0161truk\u010dn\u00e1 v\u00fd\u0161ka zabra\u0148uje premokreniu substr\u00e1tu a rizik\u00e1m spojen\u00fdm s prem\u0155zan\u00edm dla\u017eby.<\/p>\n","protected":false},"excerpt":{"rendered":"<p>Vysokov\u00fdkonn\u00fd dren\u00e1\u017eny syst\u00e9m vyroben\u00fd z recyklovan\u00e9ho ve\u013emi odoln\u00e9ho polystyr\u00e9nu (HIPS) s inovat\u00edvnym dizajnom.<\/p>\n<p>Balenie:<\/p>\n<ul>\n<li>20m x 1,25m<\/li>\n<\/ul>\n","protected":false},"featured_media":857,"comment_status":"closed","ping_status":"closed","template":"","meta":[],"product_brand":[],"product_cat":[22,21],"product_tag":[],"class_list":{"0":"post-856","1":"product","2":"type-product","3":"status-publish","4":"has-post-thumbnail","6":"product_cat-drenazne-systemy-pre-ploche-strechy","7":"product_cat-vegetacne-strechy","9":"first","10":"instock","11":"shipping-taxable","12":"product-type-simple"},"featured_image_urls_v2":{"full":["https:\/\/zelenestrechyagrocs.sk\/wp-content\/uploads\/2022\/03\/ND-51-Drenazny-system.webp",600,600,false],"thumbnail":["https:\/\/zelenestrechyagrocs.sk\/wp-content\/uploads\/2022\/03\/ND-51-Drenazny-system-150x150.webp",150,150,true],"medium":["https:\/\/zelenestrechyagrocs.sk\/wp-content\/uploads\/2022\/03\/ND-51-Drenazny-system-300x300.webp",300,300,true],"medium_large":["https:\/\/zelenestrechyagrocs.sk\/wp-content\/uploads\/2022\/03\/ND-51-Drenazny-system.webp",600,600,false],"large":["https:\/\/zelenestrechyagrocs.sk\/wp-content\/uploads\/2022\/03\/ND-51-Drenazny-system.webp",600,600,false],"1536x1536":["https:\/\/zelenestrechyagrocs.sk\/wp-content\/uploads\/2022\/03\/ND-51-Drenazny-system.webp",600,600,false],"2048x2048":["https:\/\/zelenestrechyagrocs.sk\/wp-content\/uploads\/2022\/03\/ND-51-Drenazny-system.webp",600,600,false],"woocommerce_archive_thumbnail":["https:\/\/zelenestrechyagrocs.sk\/wp-content\/uploads\/2022\/03\/ND-51-Drenazny-system-300x300.webp",300,300,true],"woocommerce_thumbnail":["https:\/\/zelenestrechyagrocs.sk\/wp-content\/uploads\/2022\/03\/ND-51-Drenazny-system-300x300.webp",300,300,true],"woocommerce_single":["https:\/\/zelenestrechyagrocs.sk\/wp-content\/uploads\/2022\/03\/ND-51-Drenazny-system.webp",600,600,false],"woocommerce_gallery_thumbnail":["https:\/\/zelenestrechyagrocs.sk\/wp-content\/uploads\/2022\/03\/ND-51-Drenazny-system-100x100.webp",100,100,true]},"post_excerpt_stackable_v2":"<p>Vysokov\u00fdkonn\u00fd dren\u00e1\u017eny syst\u00e9m vyroben\u00fd z recyklovan\u00e9ho ve\u013emi odoln\u00e9ho polystyr\u00e9nu (HIPS) s inovat\u00edvnym dizajnom.<\/p>\n<p>Balenie:<\/p>\n<ul>\n<li>20m x 1,25m<\/li>\n<\/ul>\n","category_list_v2":"","author_info_v2":{"name":"","url":""},"comments_num_v2":"0 comments","yoast_head":"<!-- This site is optimized with the Yoast SEO plugin v27.5 - https:\/\/yoast.com\/product\/yoast-seo-wordpress\/ -->\n<title>Dren\u00e1\u017eny syst\u00e9m ND 5+1 | Zelene strechy AgroCS<\/title>\n<meta name=\"robots\" content=\"index, follow, max-snippet:-1, max-image-preview:large, max-video-preview:-1\" \/>\n<link rel=\"canonical\" href=\"https:\/\/zelenestrechyagrocs.sk\/hu\/produkt\/drenazny-system-nd-51\/\" \/>\n<meta property=\"og:locale\" content=\"hu_HU\" \/>\n<meta property=\"og:type\" content=\"article\" \/>\n<meta property=\"og:title\" content=\"Dren\u00e1\u017eny syst\u00e9m ND 5+1 | Zelene strechy AgroCS\" \/>\n<meta property=\"og:description\" content=\"Vysokov\u00fdkonn\u00fd dren\u00e1\u017eny syst\u00e9m vyroben\u00fd z recyklovan\u00e9ho ve\u013emi odoln\u00e9ho polystyr\u00e9nu (HIPS) s inovat\u00edvnym dizajnom.  Balenie:   20m x 1,25m\" \/>\n<meta property=\"og:url\" content=\"https:\/\/zelenestrechyagrocs.sk\/hu\/produkt\/drenazny-system-nd-51\/\" \/>\n<meta property=\"og:site_name\" content=\"Zelene strechy AgroCS\" \/>\n<meta property=\"article:publisher\" content=\"https:\/\/www.facebook.com\/agrocsslovakiaas\/\" \/>\n<meta property=\"og:image\" content=\"https:\/\/zelenestrechyagrocs.sk\/wp-content\/uploads\/2022\/03\/ND-51-Drenazny-system.webp\" \/>\n\t<meta property=\"og:image:width\" content=\"600\" \/>\n\t<meta property=\"og:image:height\" content=\"600\" \/>\n\t<meta property=\"og:image:type\" content=\"image\/webp\" \/>\n<meta name=\"twitter:card\" content=\"summary_large_image\" \/>\n<meta name=\"twitter:label1\" content=\"Becs\u00fclt olvas\u00e1si id\u0151\" \/>\n\t<meta name=\"twitter:data1\" content=\"1 perc\" \/>\n<script type=\"application\/ld+json\" class=\"yoast-schema-graph\">{\"@context\":\"https:\\\/\\\/schema.org\",\"@graph\":[{\"@type\":\"WebPage\",\"@id\":\"https:\\\/\\\/zelenestrechyagrocs.sk\\\/hu\\\/produkt\\\/drenazny-system-nd-51\\\/\",\"url\":\"https:\\\/\\\/zelenestrechyagrocs.sk\\\/hu\\\/produkt\\\/drenazny-system-nd-51\\\/\",\"name\":\"Dren\u00e1\u017eny syst\u00e9m ND 5+1 | Zelene strechy AgroCS\",\"isPartOf\":{\"@id\":\"https:\\\/\\\/zelenestrechyagrocs.sk\\\/hu\\\/#website\"},\"primaryImageOfPage\":{\"@id\":\"https:\\\/\\\/zelenestrechyagrocs.sk\\\/hu\\\/produkt\\\/drenazny-system-nd-51\\\/#primaryimage\"},\"image\":{\"@id\":\"https:\\\/\\\/zelenestrechyagrocs.sk\\\/hu\\\/produkt\\\/drenazny-system-nd-51\\\/#primaryimage\"},\"thumbnailUrl\":\"https:\\\/\\\/zelenestrechyagrocs.sk\\\/wp-content\\\/uploads\\\/2022\\\/03\\\/ND-51-Drenazny-system.webp\",\"datePublished\":\"2022-03-24T20:38:00+00:00\",\"breadcrumb\":{\"@id\":\"https:\\\/\\\/zelenestrechyagrocs.sk\\\/hu\\\/produkt\\\/drenazny-system-nd-51\\\/#breadcrumb\"},\"inLanguage\":\"hu\",\"potentialAction\":[{\"@type\":\"ReadAction\",\"target\":[\"https:\\\/\\\/zelenestrechyagrocs.sk\\\/hu\\\/produkt\\\/drenazny-system-nd-51\\\/\"]}]},{\"@type\":\"ImageObject\",\"inLanguage\":\"hu\",\"@id\":\"https:\\\/\\\/zelenestrechyagrocs.sk\\\/hu\\\/produkt\\\/drenazny-system-nd-51\\\/#primaryimage\",\"url\":\"https:\\\/\\\/zelenestrechyagrocs.sk\\\/wp-content\\\/uploads\\\/2022\\\/03\\\/ND-51-Drenazny-system.webp\",\"contentUrl\":\"https:\\\/\\\/zelenestrechyagrocs.sk\\\/wp-content\\\/uploads\\\/2022\\\/03\\\/ND-51-Drenazny-system.webp\",\"width\":600,\"height\":600},{\"@type\":\"BreadcrumbList\",\"@id\":\"https:\\\/\\\/zelenestrechyagrocs.sk\\\/hu\\\/produkt\\\/drenazny-system-nd-51\\\/#breadcrumb\",\"itemListElement\":[{\"@type\":\"ListItem\",\"position\":1,\"name\":\"Domovsk\u00e1 str\u00e1nka\",\"item\":\"https:\\\/\\\/zelenestrechyagrocs.sk\\\/hu\\\/\"},{\"@type\":\"ListItem\",\"position\":2,\"name\":\"Produkty\",\"item\":\"https:\\\/\\\/zelenestrechyagrocs.sk\\\/produkty\\\/\"},{\"@type\":\"ListItem\",\"position\":3,\"name\":\"Dren\u00e1\u017eny syst\u00e9m ND 5+1\"}]},{\"@type\":\"WebSite\",\"@id\":\"https:\\\/\\\/zelenestrechyagrocs.sk\\\/hu\\\/#website\",\"url\":\"https:\\\/\\\/zelenestrechyagrocs.sk\\\/hu\\\/\",\"name\":\"Zelene strechy AgroCS\",\"description\":\"produkty pre tvorbu vegeta\u010dn\u00fdch striech\",\"publisher\":{\"@id\":\"https:\\\/\\\/zelenestrechyagrocs.sk\\\/hu\\\/#organization\"},\"potentialAction\":[{\"@type\":\"SearchAction\",\"target\":{\"@type\":\"EntryPoint\",\"urlTemplate\":\"https:\\\/\\\/zelenestrechyagrocs.sk\\\/hu\\\/?s={search_term_string}\"},\"query-input\":{\"@type\":\"PropertyValueSpecification\",\"valueRequired\":true,\"valueName\":\"search_term_string\"}}],\"inLanguage\":\"hu\"},{\"@type\":\"Organization\",\"@id\":\"https:\\\/\\\/zelenestrechyagrocs.sk\\\/hu\\\/#organization\",\"name\":\"AGRO CS Slovakia, a.s.\u200b\",\"url\":\"https:\\\/\\\/zelenestrechyagrocs.sk\\\/hu\\\/\",\"logo\":{\"@type\":\"ImageObject\",\"inLanguage\":\"hu\",\"@id\":\"https:\\\/\\\/zelenestrechyagrocs.sk\\\/hu\\\/#\\\/schema\\\/logo\\\/image\\\/\",\"url\":\"https:\\\/\\\/zelenestrechyagrocs.sk\\\/wp-content\\\/uploads\\\/2022\\\/03\\\/logo-zelene-strechy-50.png\",\"contentUrl\":\"https:\\\/\\\/zelenestrechyagrocs.sk\\\/wp-content\\\/uploads\\\/2022\\\/03\\\/logo-zelene-strechy-50.png\",\"width\":159,\"height\":50,\"caption\":\"AGRO CS Slovakia, a.s.\u200b\"},\"image\":{\"@id\":\"https:\\\/\\\/zelenestrechyagrocs.sk\\\/hu\\\/#\\\/schema\\\/logo\\\/image\\\/\"},\"sameAs\":[\"https:\\\/\\\/www.facebook.com\\\/agrocsslovakiaas\\\/\",\"https:\\\/\\\/www.instagram.com\\\/agrocs\\\/\",\"https:\\\/\\\/www.youtube.com\\\/channel\\\/UCeNR8AizJL8Po-NFulKO-mg\"]}]}<\/script>\n<!-- \/ Yoast SEO plugin. -->","yoast_head_json":{"title":"Dren\u00e1\u017eny syst\u00e9m ND 5+1 | Zelene strechy AgroCS","robots":{"index":"index","follow":"follow","max-snippet":"max-snippet:-1","max-image-preview":"max-image-preview:large","max-video-preview":"max-video-preview:-1"},"canonical":"https:\/\/zelenestrechyagrocs.sk\/hu\/produkt\/drenazny-system-nd-51\/","og_locale":"hu_HU","og_type":"article","og_title":"Dren\u00e1\u017eny syst\u00e9m ND 5+1 | Zelene strechy AgroCS","og_description":"Vysokov\u00fdkonn\u00fd dren\u00e1\u017eny syst\u00e9m vyroben\u00fd z recyklovan\u00e9ho ve\u013emi odoln\u00e9ho polystyr\u00e9nu (HIPS) s inovat\u00edvnym dizajnom.  Balenie:   20m x 1,25m","og_url":"https:\/\/zelenestrechyagrocs.sk\/hu\/produkt\/drenazny-system-nd-51\/","og_site_name":"Zelene strechy AgroCS","article_publisher":"https:\/\/www.facebook.com\/agrocsslovakiaas\/","og_image":[{"width":600,"height":600,"url":"https:\/\/zelenestrechyagrocs.sk\/wp-content\/uploads\/2022\/03\/ND-51-Drenazny-system.webp","type":"image\/webp"}],"twitter_card":"summary_large_image","twitter_misc":{"Becs\u00fclt olvas\u00e1si id\u0151":"1 perc"},"schema":{"@context":"https:\/\/schema.org","@graph":[{"@type":"WebPage","@id":"https:\/\/zelenestrechyagrocs.sk\/hu\/produkt\/drenazny-system-nd-51\/","url":"https:\/\/zelenestrechyagrocs.sk\/hu\/produkt\/drenazny-system-nd-51\/","name":"Dren\u00e1\u017eny syst\u00e9m ND 5+1 | Zelene strechy AgroCS","isPartOf":{"@id":"https:\/\/zelenestrechyagrocs.sk\/hu\/#website"},"primaryImageOfPage":{"@id":"https:\/\/zelenestrechyagrocs.sk\/hu\/produkt\/drenazny-system-nd-51\/#primaryimage"},"image":{"@id":"https:\/\/zelenestrechyagrocs.sk\/hu\/produkt\/drenazny-system-nd-51\/#primaryimage"},"thumbnailUrl":"https:\/\/zelenestrechyagrocs.sk\/wp-content\/uploads\/2022\/03\/ND-51-Drenazny-system.webp","datePublished":"2022-03-24T20:38:00+00:00","breadcrumb":{"@id":"https:\/\/zelenestrechyagrocs.sk\/hu\/produkt\/drenazny-system-nd-51\/#breadcrumb"},"inLanguage":"hu","potentialAction":[{"@type":"ReadAction","target":["https:\/\/zelenestrechyagrocs.sk\/hu\/produkt\/drenazny-system-nd-51\/"]}]},{"@type":"ImageObject","inLanguage":"hu","@id":"https:\/\/zelenestrechyagrocs.sk\/hu\/produkt\/drenazny-system-nd-51\/#primaryimage","url":"https:\/\/zelenestrechyagrocs.sk\/wp-content\/uploads\/2022\/03\/ND-51-Drenazny-system.webp","contentUrl":"https:\/\/zelenestrechyagrocs.sk\/wp-content\/uploads\/2022\/03\/ND-51-Drenazny-system.webp","width":600,"height":600},{"@type":"BreadcrumbList","@id":"https:\/\/zelenestrechyagrocs.sk\/hu\/produkt\/drenazny-system-nd-51\/#breadcrumb","itemListElement":[{"@type":"ListItem","position":1,"name":"Domovsk\u00e1 str\u00e1nka","item":"https:\/\/zelenestrechyagrocs.sk\/hu\/"},{"@type":"ListItem","position":2,"name":"Produkty","item":"https:\/\/zelenestrechyagrocs.sk\/produkty\/"},{"@type":"ListItem","position":3,"name":"Dren\u00e1\u017eny syst\u00e9m ND 5+1"}]},{"@type":"WebSite","@id":"https:\/\/zelenestrechyagrocs.sk\/hu\/#website","url":"https:\/\/zelenestrechyagrocs.sk\/hu\/","name":"Zelene strechy AgroCS","description":"produkty pre tvorbu vegeta\u010dn\u00fdch striech","publisher":{"@id":"https:\/\/zelenestrechyagrocs.sk\/hu\/#organization"},"potentialAction":[{"@type":"SearchAction","target":{"@type":"EntryPoint","urlTemplate":"https:\/\/zelenestrechyagrocs.sk\/hu\/?s={search_term_string}"},"query-input":{"@type":"PropertyValueSpecification","valueRequired":true,"valueName":"search_term_string"}}],"inLanguage":"hu"},{"@type":"Organization","@id":"https:\/\/zelenestrechyagrocs.sk\/hu\/#organization","name":"AGRO CS Slovakia, a.s.\u200b","url":"https:\/\/zelenestrechyagrocs.sk\/hu\/","logo":{"@type":"ImageObject","inLanguage":"hu","@id":"https:\/\/zelenestrechyagrocs.sk\/hu\/#\/schema\/logo\/image\/","url":"https:\/\/zelenestrechyagrocs.sk\/wp-content\/uploads\/2022\/03\/logo-zelene-strechy-50.png","contentUrl":"https:\/\/zelenestrechyagrocs.sk\/wp-content\/uploads\/2022\/03\/logo-zelene-strechy-50.png","width":159,"height":50,"caption":"AGRO CS Slovakia, a.s.\u200b"},"image":{"@id":"https:\/\/zelenestrechyagrocs.sk\/hu\/#\/schema\/logo\/image\/"},"sameAs":["https:\/\/www.facebook.com\/agrocsslovakiaas\/","https:\/\/www.instagram.com\/agrocs\/","https:\/\/www.youtube.com\/channel\/UCeNR8AizJL8Po-NFulKO-mg"]}]}},"_links":{"self":[{"href":"https:\/\/zelenestrechyagrocs.sk\/hu\/wp-json\/wp\/v2\/product\/856","targetHints":{"allow":["GET"]}}],"collection":[{"href":"https:\/\/zelenestrechyagrocs.sk\/hu\/wp-json\/wp\/v2\/product"}],"about":[{"href":"https:\/\/zelenestrechyagrocs.sk\/hu\/wp-json\/wp\/v2\/types\/product"}],"replies":[{"embeddable":true,"href":"https:\/\/zelenestrechyagrocs.sk\/hu\/wp-json\/wp\/v2\/comments?post=856"}],"wp:featuredmedia":[{"embeddable":true,"href":"https:\/\/zelenestrechyagrocs.sk\/hu\/wp-json\/wp\/v2\/media\/857"}],"wp:attachment":[{"href":"https:\/\/zelenestrechyagrocs.sk\/hu\/wp-json\/wp\/v2\/media?parent=856"}],"wp:term":[{"taxonomy":"product_brand","embeddable":true,"href":"https:\/\/zelenestrechyagrocs.sk\/hu\/wp-json\/wp\/v2\/product_brand?post=856"},{"taxonomy":"product_cat","embeddable":true,"href":"https:\/\/zelenestrechyagrocs.sk\/hu\/wp-json\/wp\/v2\/product_cat?post=856"},{"taxonomy":"product_tag","embeddable":true,"href":"https:\/\/zelenestrechyagrocs.sk\/hu\/wp-json\/wp\/v2\/product_tag?post=856"}],"curies":[{"name":"wp","href":"https:\/\/api.w.org\/{rel}","templated":true}]}}