{"id":860,"date":"2022-03-24T21:42:23","date_gmt":"2022-03-24T20:42:23","guid":{"rendered":"https:\/\/zelenestrechyagrocs.sk\/?post_type=product&#038;p=860"},"modified":"2022-03-24T21:42:23","modified_gmt":"2022-03-24T20:42:23","slug":"gardenboom-green-roof","status":"publish","type":"product","link":"https:\/\/zelenestrechyagrocs.sk\/hu\/produkt\/gardenboom-green-roof\/","title":{"rendered":"Gardenboom GREEN ROOF"},"content":{"rendered":"<p>Hnojivo je\u00a0ur\u010den\u00e9 na\u00a0hnojenie stre\u0161n\u00fdch z\u00e1hrad. Pozvo\u013en\u00e9 uvo\u013e\u0148ovanie dlhodobop\u00f4sobiaceho dus\u00edka zais\u0165uje vyv\u00e1\u017een\u00fa a\u00a0rovnomern\u00fa v\u00fd\u017eivu po\u010das vegeta\u010dnej doby. Preto sa\u00a0hnojivo aplikuje iba raz ro\u010dne, z\u00a0pravidla na\u00a0za\u010diatku veget\u00e1cie (\u00a0skoro na\u00a0jar). Jemn\u00e1 granul\u00e1cia, spolu s\u00a0n\u00edzkou koncentr\u00e1ciou \u017eiv\u00edn, zaist\u00ed rovnomern\u00fa a\u00a0vyv\u00e1\u017een\u00fa distrib\u00faciu v\u00fd\u017eivy.<\/p>\n<ul>\n<li>Zlo\u017eenie NPK: 10-08-08 + 2MgO<\/li>\n<li>Balenie: 15\u00a0kg<\/li>\n<li>D\u00e1vkovanie: 50\u00a0&#8211;\u00a0140 g\/m\u00b2<\/li>\n<li>P\u00f4sobenie: 1\u00a0rok<\/li>\n<li>Granul\u00e1cia hnojiva: 1\u00a0&#8211;\u00a03,2 mm<\/li>\n<\/ul>\n","protected":false},"excerpt":{"rendered":"<p>Hnojivo je\u00a0ur\u010den\u00e9 na\u00a0hnojenie stre\u0161n\u00fdch z\u00e1hrad. Pozvo\u013en\u00e9 uvo\u013e\u0148ovanie dlhodobop\u00f4sobiaceho dus\u00edka zais\u0165uje vyv\u00e1\u017een\u00fa a\u00a0rovnomern\u00fa v\u00fd\u017eivu po\u010das vegeta\u010dnej doby.<\/p>\n","protected":false},"featured_media":861,"comment_status":"closed","ping_status":"closed","template":"","meta":[],"product_brand":[],"product_cat":[27,21],"product_tag":[],"class_list":{"0":"post-860","1":"product","2":"type-product","3":"status-publish","4":"has-post-thumbnail","6":"product_cat-hnojiva-na-vegetacne-strechy","7":"product_cat-vegetacne-strechy","9":"first","10":"instock","11":"shipping-taxable","12":"product-type-simple"},"featured_image_urls_v2":{"full":["https:\/\/zelenestrechyagrocs.sk\/wp-content\/uploads\/2022\/03\/Gardenboom-GREEN-ROOF.webp",600,600,false],"thumbnail":["https:\/\/zelenestrechyagrocs.sk\/wp-content\/uploads\/2022\/03\/Gardenboom-GREEN-ROOF-150x150.webp",150,150,true],"medium":["https:\/\/zelenestrechyagrocs.sk\/wp-content\/uploads\/2022\/03\/Gardenboom-GREEN-ROOF-300x300.webp",300,300,true],"medium_large":["https:\/\/zelenestrechyagrocs.sk\/wp-content\/uploads\/2022\/03\/Gardenboom-GREEN-ROOF.webp",600,600,false],"large":["https:\/\/zelenestrechyagrocs.sk\/wp-content\/uploads\/2022\/03\/Gardenboom-GREEN-ROOF.webp",600,600,false],"1536x1536":["https:\/\/zelenestrechyagrocs.sk\/wp-content\/uploads\/2022\/03\/Gardenboom-GREEN-ROOF.webp",600,600,false],"2048x2048":["https:\/\/zelenestrechyagrocs.sk\/wp-content\/uploads\/2022\/03\/Gardenboom-GREEN-ROOF.webp",600,600,false],"woocommerce_archive_thumbnail":["https:\/\/zelenestrechyagrocs.sk\/wp-content\/uploads\/2022\/03\/Gardenboom-GREEN-ROOF-300x300.webp",300,300,true],"woocommerce_thumbnail":["https:\/\/zelenestrechyagrocs.sk\/wp-content\/uploads\/2022\/03\/Gardenboom-GREEN-ROOF-300x300.webp",300,300,true],"woocommerce_single":["https:\/\/zelenestrechyagrocs.sk\/wp-content\/uploads\/2022\/03\/Gardenboom-GREEN-ROOF.webp",600,600,false],"woocommerce_gallery_thumbnail":["https:\/\/zelenestrechyagrocs.sk\/wp-content\/uploads\/2022\/03\/Gardenboom-GREEN-ROOF-100x100.webp",100,100,true]},"post_excerpt_stackable_v2":"<p>Hnojivo je\u00a0ur\u010den\u00e9 na\u00a0hnojenie stre\u0161n\u00fdch z\u00e1hrad. Pozvo\u013en\u00e9 uvo\u013e\u0148ovanie dlhodobop\u00f4sobiaceho dus\u00edka zais\u0165uje vyv\u00e1\u017een\u00fa a\u00a0rovnomern\u00fa v\u00fd\u017eivu po\u010das vegeta\u010dnej doby.<\/p>\n","category_list_v2":"","author_info_v2":{"name":"","url":""},"comments_num_v2":"0 comments","yoast_head":"<!-- This site is optimized with the Yoast SEO plugin v27.5 - https:\/\/yoast.com\/product\/yoast-seo-wordpress\/ -->\n<title>Gardenboom GREEN ROOF | Zelene strechy AgroCS<\/title>\n<meta name=\"robots\" content=\"index, follow, max-snippet:-1, max-image-preview:large, max-video-preview:-1\" \/>\n<link rel=\"canonical\" href=\"https:\/\/zelenestrechyagrocs.sk\/hu\/produkt\/gardenboom-green-roof\/\" \/>\n<meta property=\"og:locale\" content=\"hu_HU\" \/>\n<meta property=\"og:type\" content=\"article\" \/>\n<meta property=\"og:title\" content=\"Gardenboom GREEN ROOF | Zelene strechy AgroCS\" \/>\n<meta property=\"og:description\" content=\"Hnojivo je\u00a0ur\u010den\u00e9 na\u00a0hnojenie stre\u0161n\u00fdch z\u00e1hrad. Pozvo\u013en\u00e9 uvo\u013e\u0148ovanie dlhodobop\u00f4sobiaceho dus\u00edka zais\u0165uje vyv\u00e1\u017een\u00fa a\u00a0rovnomern\u00fa v\u00fd\u017eivu po\u010das vegeta\u010dnej doby.\" \/>\n<meta property=\"og:url\" content=\"https:\/\/zelenestrechyagrocs.sk\/hu\/produkt\/gardenboom-green-roof\/\" \/>\n<meta property=\"og:site_name\" content=\"Zelene strechy AgroCS\" \/>\n<meta property=\"article:publisher\" content=\"https:\/\/www.facebook.com\/agrocsslovakiaas\/\" \/>\n<meta property=\"og:image\" content=\"https:\/\/zelenestrechyagrocs.sk\/wp-content\/uploads\/2022\/03\/Gardenboom-GREEN-ROOF.webp\" \/>\n\t<meta property=\"og:image:width\" content=\"600\" \/>\n\t<meta property=\"og:image:height\" content=\"600\" \/>\n\t<meta property=\"og:image:type\" content=\"image\/webp\" \/>\n<meta name=\"twitter:card\" content=\"summary_large_image\" \/>\n<script type=\"application\/ld+json\" class=\"yoast-schema-graph\">{\"@context\":\"https:\\\/\\\/schema.org\",\"@graph\":[{\"@type\":\"WebPage\",\"@id\":\"https:\\\/\\\/zelenestrechyagrocs.sk\\\/hu\\\/produkt\\\/gardenboom-green-roof\\\/\",\"url\":\"https:\\\/\\\/zelenestrechyagrocs.sk\\\/hu\\\/produkt\\\/gardenboom-green-roof\\\/\",\"name\":\"Gardenboom GREEN ROOF | Zelene strechy AgroCS\",\"isPartOf\":{\"@id\":\"https:\\\/\\\/zelenestrechyagrocs.sk\\\/hu\\\/#website\"},\"primaryImageOfPage\":{\"@id\":\"https:\\\/\\\/zelenestrechyagrocs.sk\\\/hu\\\/produkt\\\/gardenboom-green-roof\\\/#primaryimage\"},\"image\":{\"@id\":\"https:\\\/\\\/zelenestrechyagrocs.sk\\\/hu\\\/produkt\\\/gardenboom-green-roof\\\/#primaryimage\"},\"thumbnailUrl\":\"https:\\\/\\\/zelenestrechyagrocs.sk\\\/wp-content\\\/uploads\\\/2022\\\/03\\\/Gardenboom-GREEN-ROOF.webp\",\"datePublished\":\"2022-03-24T20:42:23+00:00\",\"breadcrumb\":{\"@id\":\"https:\\\/\\\/zelenestrechyagrocs.sk\\\/hu\\\/produkt\\\/gardenboom-green-roof\\\/#breadcrumb\"},\"inLanguage\":\"hu\",\"potentialAction\":[{\"@type\":\"ReadAction\",\"target\":[\"https:\\\/\\\/zelenestrechyagrocs.sk\\\/hu\\\/produkt\\\/gardenboom-green-roof\\\/\"]}]},{\"@type\":\"ImageObject\",\"inLanguage\":\"hu\",\"@id\":\"https:\\\/\\\/zelenestrechyagrocs.sk\\\/hu\\\/produkt\\\/gardenboom-green-roof\\\/#primaryimage\",\"url\":\"https:\\\/\\\/zelenestrechyagrocs.sk\\\/wp-content\\\/uploads\\\/2022\\\/03\\\/Gardenboom-GREEN-ROOF.webp\",\"contentUrl\":\"https:\\\/\\\/zelenestrechyagrocs.sk\\\/wp-content\\\/uploads\\\/2022\\\/03\\\/Gardenboom-GREEN-ROOF.webp\",\"width\":600,\"height\":600},{\"@type\":\"BreadcrumbList\",\"@id\":\"https:\\\/\\\/zelenestrechyagrocs.sk\\\/hu\\\/produkt\\\/gardenboom-green-roof\\\/#breadcrumb\",\"itemListElement\":[{\"@type\":\"ListItem\",\"position\":1,\"name\":\"Domovsk\u00e1 str\u00e1nka\",\"item\":\"https:\\\/\\\/zelenestrechyagrocs.sk\\\/hu\\\/\"},{\"@type\":\"ListItem\",\"position\":2,\"name\":\"Produkty\",\"item\":\"https:\\\/\\\/zelenestrechyagrocs.sk\\\/produkty\\\/\"},{\"@type\":\"ListItem\",\"position\":3,\"name\":\"Gardenboom GREEN ROOF\"}]},{\"@type\":\"WebSite\",\"@id\":\"https:\\\/\\\/zelenestrechyagrocs.sk\\\/hu\\\/#website\",\"url\":\"https:\\\/\\\/zelenestrechyagrocs.sk\\\/hu\\\/\",\"name\":\"Zelene strechy AgroCS\",\"description\":\"produkty pre tvorbu vegeta\u010dn\u00fdch striech\",\"publisher\":{\"@id\":\"https:\\\/\\\/zelenestrechyagrocs.sk\\\/hu\\\/#organization\"},\"potentialAction\":[{\"@type\":\"SearchAction\",\"target\":{\"@type\":\"EntryPoint\",\"urlTemplate\":\"https:\\\/\\\/zelenestrechyagrocs.sk\\\/hu\\\/?s={search_term_string}\"},\"query-input\":{\"@type\":\"PropertyValueSpecification\",\"valueRequired\":true,\"valueName\":\"search_term_string\"}}],\"inLanguage\":\"hu\"},{\"@type\":\"Organization\",\"@id\":\"https:\\\/\\\/zelenestrechyagrocs.sk\\\/hu\\\/#organization\",\"name\":\"AGRO CS Slovakia, a.s.\u200b\",\"url\":\"https:\\\/\\\/zelenestrechyagrocs.sk\\\/hu\\\/\",\"logo\":{\"@type\":\"ImageObject\",\"inLanguage\":\"hu\",\"@id\":\"https:\\\/\\\/zelenestrechyagrocs.sk\\\/hu\\\/#\\\/schema\\\/logo\\\/image\\\/\",\"url\":\"https:\\\/\\\/zelenestrechyagrocs.sk\\\/wp-content\\\/uploads\\\/2022\\\/03\\\/logo-zelene-strechy-50.png\",\"contentUrl\":\"https:\\\/\\\/zelenestrechyagrocs.sk\\\/wp-content\\\/uploads\\\/2022\\\/03\\\/logo-zelene-strechy-50.png\",\"width\":159,\"height\":50,\"caption\":\"AGRO CS Slovakia, a.s.\u200b\"},\"image\":{\"@id\":\"https:\\\/\\\/zelenestrechyagrocs.sk\\\/hu\\\/#\\\/schema\\\/logo\\\/image\\\/\"},\"sameAs\":[\"https:\\\/\\\/www.facebook.com\\\/agrocsslovakiaas\\\/\",\"https:\\\/\\\/www.instagram.com\\\/agrocs\\\/\",\"https:\\\/\\\/www.youtube.com\\\/channel\\\/UCeNR8AizJL8Po-NFulKO-mg\"]}]}<\/script>\n<!-- \/ Yoast SEO plugin. -->","yoast_head_json":{"title":"Gardenboom GREEN ROOF | Zelene strechy AgroCS","robots":{"index":"index","follow":"follow","max-snippet":"max-snippet:-1","max-image-preview":"max-image-preview:large","max-video-preview":"max-video-preview:-1"},"canonical":"https:\/\/zelenestrechyagrocs.sk\/hu\/produkt\/gardenboom-green-roof\/","og_locale":"hu_HU","og_type":"article","og_title":"Gardenboom GREEN ROOF | Zelene strechy AgroCS","og_description":"Hnojivo je\u00a0ur\u010den\u00e9 na\u00a0hnojenie stre\u0161n\u00fdch z\u00e1hrad. Pozvo\u013en\u00e9 uvo\u013e\u0148ovanie dlhodobop\u00f4sobiaceho dus\u00edka zais\u0165uje vyv\u00e1\u017een\u00fa a\u00a0rovnomern\u00fa v\u00fd\u017eivu po\u010das vegeta\u010dnej doby.","og_url":"https:\/\/zelenestrechyagrocs.sk\/hu\/produkt\/gardenboom-green-roof\/","og_site_name":"Zelene strechy AgroCS","article_publisher":"https:\/\/www.facebook.com\/agrocsslovakiaas\/","og_image":[{"width":600,"height":600,"url":"https:\/\/zelenestrechyagrocs.sk\/wp-content\/uploads\/2022\/03\/Gardenboom-GREEN-ROOF.webp","type":"image\/webp"}],"twitter_card":"summary_large_image","schema":{"@context":"https:\/\/schema.org","@graph":[{"@type":"WebPage","@id":"https:\/\/zelenestrechyagrocs.sk\/hu\/produkt\/gardenboom-green-roof\/","url":"https:\/\/zelenestrechyagrocs.sk\/hu\/produkt\/gardenboom-green-roof\/","name":"Gardenboom GREEN ROOF | Zelene strechy AgroCS","isPartOf":{"@id":"https:\/\/zelenestrechyagrocs.sk\/hu\/#website"},"primaryImageOfPage":{"@id":"https:\/\/zelenestrechyagrocs.sk\/hu\/produkt\/gardenboom-green-roof\/#primaryimage"},"image":{"@id":"https:\/\/zelenestrechyagrocs.sk\/hu\/produkt\/gardenboom-green-roof\/#primaryimage"},"thumbnailUrl":"https:\/\/zelenestrechyagrocs.sk\/wp-content\/uploads\/2022\/03\/Gardenboom-GREEN-ROOF.webp","datePublished":"2022-03-24T20:42:23+00:00","breadcrumb":{"@id":"https:\/\/zelenestrechyagrocs.sk\/hu\/produkt\/gardenboom-green-roof\/#breadcrumb"},"inLanguage":"hu","potentialAction":[{"@type":"ReadAction","target":["https:\/\/zelenestrechyagrocs.sk\/hu\/produkt\/gardenboom-green-roof\/"]}]},{"@type":"ImageObject","inLanguage":"hu","@id":"https:\/\/zelenestrechyagrocs.sk\/hu\/produkt\/gardenboom-green-roof\/#primaryimage","url":"https:\/\/zelenestrechyagrocs.sk\/wp-content\/uploads\/2022\/03\/Gardenboom-GREEN-ROOF.webp","contentUrl":"https:\/\/zelenestrechyagrocs.sk\/wp-content\/uploads\/2022\/03\/Gardenboom-GREEN-ROOF.webp","width":600,"height":600},{"@type":"BreadcrumbList","@id":"https:\/\/zelenestrechyagrocs.sk\/hu\/produkt\/gardenboom-green-roof\/#breadcrumb","itemListElement":[{"@type":"ListItem","position":1,"name":"Domovsk\u00e1 str\u00e1nka","item":"https:\/\/zelenestrechyagrocs.sk\/hu\/"},{"@type":"ListItem","position":2,"name":"Produkty","item":"https:\/\/zelenestrechyagrocs.sk\/produkty\/"},{"@type":"ListItem","position":3,"name":"Gardenboom GREEN ROOF"}]},{"@type":"WebSite","@id":"https:\/\/zelenestrechyagrocs.sk\/hu\/#website","url":"https:\/\/zelenestrechyagrocs.sk\/hu\/","name":"Zelene strechy AgroCS","description":"produkty pre tvorbu vegeta\u010dn\u00fdch striech","publisher":{"@id":"https:\/\/zelenestrechyagrocs.sk\/hu\/#organization"},"potentialAction":[{"@type":"SearchAction","target":{"@type":"EntryPoint","urlTemplate":"https:\/\/zelenestrechyagrocs.sk\/hu\/?s={search_term_string}"},"query-input":{"@type":"PropertyValueSpecification","valueRequired":true,"valueName":"search_term_string"}}],"inLanguage":"hu"},{"@type":"Organization","@id":"https:\/\/zelenestrechyagrocs.sk\/hu\/#organization","name":"AGRO CS Slovakia, a.s.\u200b","url":"https:\/\/zelenestrechyagrocs.sk\/hu\/","logo":{"@type":"ImageObject","inLanguage":"hu","@id":"https:\/\/zelenestrechyagrocs.sk\/hu\/#\/schema\/logo\/image\/","url":"https:\/\/zelenestrechyagrocs.sk\/wp-content\/uploads\/2022\/03\/logo-zelene-strechy-50.png","contentUrl":"https:\/\/zelenestrechyagrocs.sk\/wp-content\/uploads\/2022\/03\/logo-zelene-strechy-50.png","width":159,"height":50,"caption":"AGRO CS Slovakia, a.s.\u200b"},"image":{"@id":"https:\/\/zelenestrechyagrocs.sk\/hu\/#\/schema\/logo\/image\/"},"sameAs":["https:\/\/www.facebook.com\/agrocsslovakiaas\/","https:\/\/www.instagram.com\/agrocs\/","https:\/\/www.youtube.com\/channel\/UCeNR8AizJL8Po-NFulKO-mg"]}]}},"_links":{"self":[{"href":"https:\/\/zelenestrechyagrocs.sk\/hu\/wp-json\/wp\/v2\/product\/860","targetHints":{"allow":["GET"]}}],"collection":[{"href":"https:\/\/zelenestrechyagrocs.sk\/hu\/wp-json\/wp\/v2\/product"}],"about":[{"href":"https:\/\/zelenestrechyagrocs.sk\/hu\/wp-json\/wp\/v2\/types\/product"}],"replies":[{"embeddable":true,"href":"https:\/\/zelenestrechyagrocs.sk\/hu\/wp-json\/wp\/v2\/comments?post=860"}],"wp:featuredmedia":[{"embeddable":true,"href":"https:\/\/zelenestrechyagrocs.sk\/hu\/wp-json\/wp\/v2\/media\/861"}],"wp:attachment":[{"href":"https:\/\/zelenestrechyagrocs.sk\/hu\/wp-json\/wp\/v2\/media?parent=860"}],"wp:term":[{"taxonomy":"product_brand","embeddable":true,"href":"https:\/\/zelenestrechyagrocs.sk\/hu\/wp-json\/wp\/v2\/product_brand?post=860"},{"taxonomy":"product_cat","embeddable":true,"href":"https:\/\/zelenestrechyagrocs.sk\/hu\/wp-json\/wp\/v2\/product_cat?post=860"},{"taxonomy":"product_tag","embeddable":true,"href":"https:\/\/zelenestrechyagrocs.sk\/hu\/wp-json\/wp\/v2\/product_tag?post=860"}],"curies":[{"name":"wp","href":"https:\/\/api.w.org\/{rel}","templated":true}]}}