{"id":862,"date":"2022-03-24T21:43:44","date_gmt":"2022-03-24T20:43:44","guid":{"rendered":"https:\/\/zelenestrechyagrocs.sk\/?post_type=product&#038;p=862"},"modified":"2022-05-17T18:42:33","modified_gmt":"2022-05-17T16:42:33","slug":"stresny-substrat-intenzivny","status":"publish","type":"product","link":"https:\/\/zelenestrechyagrocs.sk\/hu\/produkt\/stresny-substrat-intenzivny\/","title":{"rendered":"Intenz\u00edvny stre\u0161n\u00fd substr\u00e1t AGRO CS &#8211; certifikovan\u00fd"},"content":{"rendered":"<ul>\n<li>substr\u00e1t je namie\u0161an\u00fd na b\u00e1ze, miner\u00e1lnej drte, zeolitu a organick\u00fdch komponentov, podiel organickej hmoty je max. 40%<\/li>\n<li>je predur\u010den\u00fd na zalo\u017eenie intenz\u00edvnej zelene s vy\u0161\u0161\u00edm stup\u0148om \u00fadr\u017eby pri pou\u017eit\u00ed substr\u00e1tu od hr\u00fabky 20 cm<\/li>\n<li>je vhodn\u00fd pre zazelenenie ploch\u00fdch aj \u0161ikm\u00fdch striech<\/li>\n<li>transport materi\u00e1lu je mo\u017en\u00e9 realizova\u0165 v\u00a0nasledovn\u00fdch form\u00e1ch: vo\u013ene lo\u017een\u00fd, balen\u00fd v 1 m\u00b3 big- -bagoch -respekt\u00edve silotransportom s\u00a0n\u00e1sledn\u00fdm vyf\u00fakan\u00edm na strechu<\/li>\n<li>objemov\u00e1 hmotnos\u0165 materi\u00e1lu je 0,8 \u2013 0,9 t\/m\u00b3<\/li>\n<li>mern\u00e1 hmotnos\u0165 pri maxim\u00e1lnej vodnej kapacite je 1,3 t\/m\u00b3<\/li>\n<li>pH 6,5 \u2013 7,5<\/li>\n<\/ul>\n","protected":false},"excerpt":{"rendered":"<p>Substr\u00e1t je namie\u0161an\u00fd na b\u00e1ze miner\u00e1lnej drte, zeolitu, k\u00f4rov\u00e9ho kompostu a in\u00fdch pr\u00edrodn\u00fdch komponentov. Je predur\u010den\u00fd na zalo\u017eenie extenz\u00edvnej zelene.<\/p>\n<p>Balenie:<\/p>\n<ul>\n<li>big bag<\/li>\n<li>VL<\/li>\n<\/ul>\n","protected":false},"featured_media":863,"comment_status":"closed","ping_status":"closed","template":"","meta":[],"product_brand":[],"product_cat":[26,21],"product_tag":[],"class_list":{"0":"post-862","1":"product","2":"type-product","3":"status-publish","4":"has-post-thumbnail","6":"product_cat-stresne-substraty","7":"product_cat-vegetacne-strechy","9":"first","10":"instock","11":"shipping-taxable","12":"product-type-simple"},"featured_image_urls_v2":{"full":["https:\/\/zelenestrechyagrocs.sk\/wp-content\/uploads\/2022\/03\/Stresny-substrat-intenzivny.webp",600,600,false],"thumbnail":["https:\/\/zelenestrechyagrocs.sk\/wp-content\/uploads\/2022\/03\/Stresny-substrat-intenzivny-150x150.webp",150,150,true],"medium":["https:\/\/zelenestrechyagrocs.sk\/wp-content\/uploads\/2022\/03\/Stresny-substrat-intenzivny-300x300.webp",300,300,true],"medium_large":["https:\/\/zelenestrechyagrocs.sk\/wp-content\/uploads\/2022\/03\/Stresny-substrat-intenzivny.webp",600,600,false],"large":["https:\/\/zelenestrechyagrocs.sk\/wp-content\/uploads\/2022\/03\/Stresny-substrat-intenzivny.webp",600,600,false],"1536x1536":["https:\/\/zelenestrechyagrocs.sk\/wp-content\/uploads\/2022\/03\/Stresny-substrat-intenzivny.webp",600,600,false],"2048x2048":["https:\/\/zelenestrechyagrocs.sk\/wp-content\/uploads\/2022\/03\/Stresny-substrat-intenzivny.webp",600,600,false],"woocommerce_archive_thumbnail":["https:\/\/zelenestrechyagrocs.sk\/wp-content\/uploads\/2022\/03\/Stresny-substrat-intenzivny-300x300.webp",300,300,true],"woocommerce_thumbnail":["https:\/\/zelenestrechyagrocs.sk\/wp-content\/uploads\/2022\/03\/Stresny-substrat-intenzivny-300x300.webp",300,300,true],"woocommerce_single":["https:\/\/zelenestrechyagrocs.sk\/wp-content\/uploads\/2022\/03\/Stresny-substrat-intenzivny.webp",600,600,false],"woocommerce_gallery_thumbnail":["https:\/\/zelenestrechyagrocs.sk\/wp-content\/uploads\/2022\/03\/Stresny-substrat-intenzivny-100x100.webp",100,100,true]},"post_excerpt_stackable_v2":"<p>Substr\u00e1t je namie\u0161an\u00fd na b\u00e1ze miner\u00e1lnej drte, zeolitu, k\u00f4rov\u00e9ho kompostu a in\u00fdch pr\u00edrodn\u00fdch komponentov. Je predur\u010den\u00fd na zalo\u017eenie extenz\u00edvnej zelene.<\/p>\n<p>Balenie:<\/p>\n<ul>\n<li>big bag<\/li>\n<li>VL<\/li>\n<\/ul>\n","category_list_v2":"","author_info_v2":{"name":"","url":""},"comments_num_v2":"0 comments","yoast_head":"<!-- This site is optimized with the Yoast SEO plugin v27.5 - https:\/\/yoast.com\/product\/yoast-seo-wordpress\/ -->\n<title>Intenz\u00edvny stre\u0161n\u00fd substr\u00e1t AGRO CS - certifikovan\u00fd | Zelene strechy AgroCS<\/title>\n<meta name=\"robots\" content=\"index, follow, max-snippet:-1, max-image-preview:large, max-video-preview:-1\" \/>\n<link rel=\"canonical\" href=\"https:\/\/zelenestrechyagrocs.sk\/hu\/produkt\/stresny-substrat-intenzivny\/\" \/>\n<meta property=\"og:locale\" content=\"hu_HU\" \/>\n<meta property=\"og:type\" content=\"article\" \/>\n<meta property=\"og:title\" content=\"Intenz\u00edvny stre\u0161n\u00fd substr\u00e1t AGRO CS - certifikovan\u00fd | Zelene strechy AgroCS\" \/>\n<meta property=\"og:description\" content=\"Substr\u00e1t je namie\u0161an\u00fd na b\u00e1ze miner\u00e1lnej drte, zeolitu, k\u00f4rov\u00e9ho kompostu a in\u00fdch pr\u00edrodn\u00fdch komponentov. Je predur\u010den\u00fd na zalo\u017eenie extenz\u00edvnej zelene.  Balenie:   big bag  VL\" \/>\n<meta property=\"og:url\" content=\"https:\/\/zelenestrechyagrocs.sk\/hu\/produkt\/stresny-substrat-intenzivny\/\" \/>\n<meta property=\"og:site_name\" content=\"Zelene strechy AgroCS\" \/>\n<meta property=\"article:publisher\" content=\"https:\/\/www.facebook.com\/agrocsslovakiaas\/\" \/>\n<meta property=\"article:modified_time\" content=\"2022-05-17T16:42:33+00:00\" \/>\n<meta property=\"og:image\" content=\"https:\/\/zelenestrechyagrocs.sk\/wp-content\/uploads\/2022\/03\/Stresny-substrat-intenzivny.webp\" \/>\n\t<meta property=\"og:image:width\" content=\"600\" \/>\n\t<meta property=\"og:image:height\" content=\"600\" \/>\n\t<meta property=\"og:image:type\" content=\"image\/webp\" \/>\n<meta name=\"twitter:card\" content=\"summary_large_image\" \/>\n<meta name=\"twitter:label1\" content=\"Becs\u00fclt olvas\u00e1si id\u0151\" \/>\n\t<meta name=\"twitter:data1\" content=\"1 perc\" \/>\n<script type=\"application\/ld+json\" class=\"yoast-schema-graph\">{\"@context\":\"https:\\\/\\\/schema.org\",\"@graph\":[{\"@type\":\"WebPage\",\"@id\":\"https:\\\/\\\/zelenestrechyagrocs.sk\\\/hu\\\/produkt\\\/stresny-substrat-intenzivny\\\/\",\"url\":\"https:\\\/\\\/zelenestrechyagrocs.sk\\\/hu\\\/produkt\\\/stresny-substrat-intenzivny\\\/\",\"name\":\"Intenz\u00edvny stre\u0161n\u00fd substr\u00e1t AGRO CS - certifikovan\u00fd | Zelene strechy AgroCS\",\"isPartOf\":{\"@id\":\"https:\\\/\\\/zelenestrechyagrocs.sk\\\/hu\\\/#website\"},\"primaryImageOfPage\":{\"@id\":\"https:\\\/\\\/zelenestrechyagrocs.sk\\\/hu\\\/produkt\\\/stresny-substrat-intenzivny\\\/#primaryimage\"},\"image\":{\"@id\":\"https:\\\/\\\/zelenestrechyagrocs.sk\\\/hu\\\/produkt\\\/stresny-substrat-intenzivny\\\/#primaryimage\"},\"thumbnailUrl\":\"https:\\\/\\\/zelenestrechyagrocs.sk\\\/wp-content\\\/uploads\\\/2022\\\/03\\\/Stresny-substrat-intenzivny.webp\",\"datePublished\":\"2022-03-24T20:43:44+00:00\",\"dateModified\":\"2022-05-17T16:42:33+00:00\",\"breadcrumb\":{\"@id\":\"https:\\\/\\\/zelenestrechyagrocs.sk\\\/hu\\\/produkt\\\/stresny-substrat-intenzivny\\\/#breadcrumb\"},\"inLanguage\":\"hu\",\"potentialAction\":[{\"@type\":\"ReadAction\",\"target\":[\"https:\\\/\\\/zelenestrechyagrocs.sk\\\/hu\\\/produkt\\\/stresny-substrat-intenzivny\\\/\"]}]},{\"@type\":\"ImageObject\",\"inLanguage\":\"hu\",\"@id\":\"https:\\\/\\\/zelenestrechyagrocs.sk\\\/hu\\\/produkt\\\/stresny-substrat-intenzivny\\\/#primaryimage\",\"url\":\"https:\\\/\\\/zelenestrechyagrocs.sk\\\/wp-content\\\/uploads\\\/2022\\\/03\\\/Stresny-substrat-intenzivny.webp\",\"contentUrl\":\"https:\\\/\\\/zelenestrechyagrocs.sk\\\/wp-content\\\/uploads\\\/2022\\\/03\\\/Stresny-substrat-intenzivny.webp\",\"width\":600,\"height\":600},{\"@type\":\"BreadcrumbList\",\"@id\":\"https:\\\/\\\/zelenestrechyagrocs.sk\\\/hu\\\/produkt\\\/stresny-substrat-intenzivny\\\/#breadcrumb\",\"itemListElement\":[{\"@type\":\"ListItem\",\"position\":1,\"name\":\"Domovsk\u00e1 str\u00e1nka\",\"item\":\"https:\\\/\\\/zelenestrechyagrocs.sk\\\/hu\\\/\"},{\"@type\":\"ListItem\",\"position\":2,\"name\":\"Produkty\",\"item\":\"https:\\\/\\\/zelenestrechyagrocs.sk\\\/produkty\\\/\"},{\"@type\":\"ListItem\",\"position\":3,\"name\":\"Intenz\u00edvny stre\u0161n\u00fd substr\u00e1t AGRO CS &#8211; certifikovan\u00fd\"}]},{\"@type\":\"WebSite\",\"@id\":\"https:\\\/\\\/zelenestrechyagrocs.sk\\\/hu\\\/#website\",\"url\":\"https:\\\/\\\/zelenestrechyagrocs.sk\\\/hu\\\/\",\"name\":\"Zelene strechy AgroCS\",\"description\":\"produkty pre tvorbu vegeta\u010dn\u00fdch striech\",\"publisher\":{\"@id\":\"https:\\\/\\\/zelenestrechyagrocs.sk\\\/hu\\\/#organization\"},\"potentialAction\":[{\"@type\":\"SearchAction\",\"target\":{\"@type\":\"EntryPoint\",\"urlTemplate\":\"https:\\\/\\\/zelenestrechyagrocs.sk\\\/hu\\\/?s={search_term_string}\"},\"query-input\":{\"@type\":\"PropertyValueSpecification\",\"valueRequired\":true,\"valueName\":\"search_term_string\"}}],\"inLanguage\":\"hu\"},{\"@type\":\"Organization\",\"@id\":\"https:\\\/\\\/zelenestrechyagrocs.sk\\\/hu\\\/#organization\",\"name\":\"AGRO CS Slovakia, a.s.\u200b\",\"url\":\"https:\\\/\\\/zelenestrechyagrocs.sk\\\/hu\\\/\",\"logo\":{\"@type\":\"ImageObject\",\"inLanguage\":\"hu\",\"@id\":\"https:\\\/\\\/zelenestrechyagrocs.sk\\\/hu\\\/#\\\/schema\\\/logo\\\/image\\\/\",\"url\":\"https:\\\/\\\/zelenestrechyagrocs.sk\\\/wp-content\\\/uploads\\\/2022\\\/03\\\/logo-zelene-strechy-50.png\",\"contentUrl\":\"https:\\\/\\\/zelenestrechyagrocs.sk\\\/wp-content\\\/uploads\\\/2022\\\/03\\\/logo-zelene-strechy-50.png\",\"width\":159,\"height\":50,\"caption\":\"AGRO CS Slovakia, a.s.\u200b\"},\"image\":{\"@id\":\"https:\\\/\\\/zelenestrechyagrocs.sk\\\/hu\\\/#\\\/schema\\\/logo\\\/image\\\/\"},\"sameAs\":[\"https:\\\/\\\/www.facebook.com\\\/agrocsslovakiaas\\\/\",\"https:\\\/\\\/www.instagram.com\\\/agrocs\\\/\",\"https:\\\/\\\/www.youtube.com\\\/channel\\\/UCeNR8AizJL8Po-NFulKO-mg\"]}]}<\/script>\n<!-- \/ Yoast SEO plugin. -->","yoast_head_json":{"title":"Intenz\u00edvny stre\u0161n\u00fd substr\u00e1t AGRO CS - certifikovan\u00fd | Zelene strechy AgroCS","robots":{"index":"index","follow":"follow","max-snippet":"max-snippet:-1","max-image-preview":"max-image-preview:large","max-video-preview":"max-video-preview:-1"},"canonical":"https:\/\/zelenestrechyagrocs.sk\/hu\/produkt\/stresny-substrat-intenzivny\/","og_locale":"hu_HU","og_type":"article","og_title":"Intenz\u00edvny stre\u0161n\u00fd substr\u00e1t AGRO CS - certifikovan\u00fd | Zelene strechy AgroCS","og_description":"Substr\u00e1t je namie\u0161an\u00fd na b\u00e1ze miner\u00e1lnej drte, zeolitu, k\u00f4rov\u00e9ho kompostu a in\u00fdch pr\u00edrodn\u00fdch komponentov. Je predur\u010den\u00fd na zalo\u017eenie extenz\u00edvnej zelene.  Balenie:   big bag  VL","og_url":"https:\/\/zelenestrechyagrocs.sk\/hu\/produkt\/stresny-substrat-intenzivny\/","og_site_name":"Zelene strechy AgroCS","article_publisher":"https:\/\/www.facebook.com\/agrocsslovakiaas\/","article_modified_time":"2022-05-17T16:42:33+00:00","og_image":[{"width":600,"height":600,"url":"https:\/\/zelenestrechyagrocs.sk\/wp-content\/uploads\/2022\/03\/Stresny-substrat-intenzivny.webp","type":"image\/webp"}],"twitter_card":"summary_large_image","twitter_misc":{"Becs\u00fclt olvas\u00e1si id\u0151":"1 perc"},"schema":{"@context":"https:\/\/schema.org","@graph":[{"@type":"WebPage","@id":"https:\/\/zelenestrechyagrocs.sk\/hu\/produkt\/stresny-substrat-intenzivny\/","url":"https:\/\/zelenestrechyagrocs.sk\/hu\/produkt\/stresny-substrat-intenzivny\/","name":"Intenz\u00edvny stre\u0161n\u00fd substr\u00e1t AGRO CS - certifikovan\u00fd | Zelene strechy AgroCS","isPartOf":{"@id":"https:\/\/zelenestrechyagrocs.sk\/hu\/#website"},"primaryImageOfPage":{"@id":"https:\/\/zelenestrechyagrocs.sk\/hu\/produkt\/stresny-substrat-intenzivny\/#primaryimage"},"image":{"@id":"https:\/\/zelenestrechyagrocs.sk\/hu\/produkt\/stresny-substrat-intenzivny\/#primaryimage"},"thumbnailUrl":"https:\/\/zelenestrechyagrocs.sk\/wp-content\/uploads\/2022\/03\/Stresny-substrat-intenzivny.webp","datePublished":"2022-03-24T20:43:44+00:00","dateModified":"2022-05-17T16:42:33+00:00","breadcrumb":{"@id":"https:\/\/zelenestrechyagrocs.sk\/hu\/produkt\/stresny-substrat-intenzivny\/#breadcrumb"},"inLanguage":"hu","potentialAction":[{"@type":"ReadAction","target":["https:\/\/zelenestrechyagrocs.sk\/hu\/produkt\/stresny-substrat-intenzivny\/"]}]},{"@type":"ImageObject","inLanguage":"hu","@id":"https:\/\/zelenestrechyagrocs.sk\/hu\/produkt\/stresny-substrat-intenzivny\/#primaryimage","url":"https:\/\/zelenestrechyagrocs.sk\/wp-content\/uploads\/2022\/03\/Stresny-substrat-intenzivny.webp","contentUrl":"https:\/\/zelenestrechyagrocs.sk\/wp-content\/uploads\/2022\/03\/Stresny-substrat-intenzivny.webp","width":600,"height":600},{"@type":"BreadcrumbList","@id":"https:\/\/zelenestrechyagrocs.sk\/hu\/produkt\/stresny-substrat-intenzivny\/#breadcrumb","itemListElement":[{"@type":"ListItem","position":1,"name":"Domovsk\u00e1 str\u00e1nka","item":"https:\/\/zelenestrechyagrocs.sk\/hu\/"},{"@type":"ListItem","position":2,"name":"Produkty","item":"https:\/\/zelenestrechyagrocs.sk\/produkty\/"},{"@type":"ListItem","position":3,"name":"Intenz\u00edvny stre\u0161n\u00fd substr\u00e1t AGRO CS &#8211; certifikovan\u00fd"}]},{"@type":"WebSite","@id":"https:\/\/zelenestrechyagrocs.sk\/hu\/#website","url":"https:\/\/zelenestrechyagrocs.sk\/hu\/","name":"Zelene strechy AgroCS","description":"produkty pre tvorbu vegeta\u010dn\u00fdch striech","publisher":{"@id":"https:\/\/zelenestrechyagrocs.sk\/hu\/#organization"},"potentialAction":[{"@type":"SearchAction","target":{"@type":"EntryPoint","urlTemplate":"https:\/\/zelenestrechyagrocs.sk\/hu\/?s={search_term_string}"},"query-input":{"@type":"PropertyValueSpecification","valueRequired":true,"valueName":"search_term_string"}}],"inLanguage":"hu"},{"@type":"Organization","@id":"https:\/\/zelenestrechyagrocs.sk\/hu\/#organization","name":"AGRO CS Slovakia, a.s.\u200b","url":"https:\/\/zelenestrechyagrocs.sk\/hu\/","logo":{"@type":"ImageObject","inLanguage":"hu","@id":"https:\/\/zelenestrechyagrocs.sk\/hu\/#\/schema\/logo\/image\/","url":"https:\/\/zelenestrechyagrocs.sk\/wp-content\/uploads\/2022\/03\/logo-zelene-strechy-50.png","contentUrl":"https:\/\/zelenestrechyagrocs.sk\/wp-content\/uploads\/2022\/03\/logo-zelene-strechy-50.png","width":159,"height":50,"caption":"AGRO CS Slovakia, a.s.\u200b"},"image":{"@id":"https:\/\/zelenestrechyagrocs.sk\/hu\/#\/schema\/logo\/image\/"},"sameAs":["https:\/\/www.facebook.com\/agrocsslovakiaas\/","https:\/\/www.instagram.com\/agrocs\/","https:\/\/www.youtube.com\/channel\/UCeNR8AizJL8Po-NFulKO-mg"]}]}},"_links":{"self":[{"href":"https:\/\/zelenestrechyagrocs.sk\/hu\/wp-json\/wp\/v2\/product\/862","targetHints":{"allow":["GET"]}}],"collection":[{"href":"https:\/\/zelenestrechyagrocs.sk\/hu\/wp-json\/wp\/v2\/product"}],"about":[{"href":"https:\/\/zelenestrechyagrocs.sk\/hu\/wp-json\/wp\/v2\/types\/product"}],"replies":[{"embeddable":true,"href":"https:\/\/zelenestrechyagrocs.sk\/hu\/wp-json\/wp\/v2\/comments?post=862"}],"wp:featuredmedia":[{"embeddable":true,"href":"https:\/\/zelenestrechyagrocs.sk\/hu\/wp-json\/wp\/v2\/media\/863"}],"wp:attachment":[{"href":"https:\/\/zelenestrechyagrocs.sk\/hu\/wp-json\/wp\/v2\/media?parent=862"}],"wp:term":[{"taxonomy":"product_brand","embeddable":true,"href":"https:\/\/zelenestrechyagrocs.sk\/hu\/wp-json\/wp\/v2\/product_brand?post=862"},{"taxonomy":"product_cat","embeddable":true,"href":"https:\/\/zelenestrechyagrocs.sk\/hu\/wp-json\/wp\/v2\/product_cat?post=862"},{"taxonomy":"product_tag","embeddable":true,"href":"https:\/\/zelenestrechyagrocs.sk\/hu\/wp-json\/wp\/v2\/product_tag?post=862"}],"curies":[{"name":"wp","href":"https:\/\/api.w.org\/{rel}","templated":true}]}}